{"id":19,"date":"2022-09-06T14:08:28","date_gmt":"2022-09-06T13:08:28","guid":{"rendered":"http:\/\/www.moulindemaulne.com\/?page_id=19"},"modified":"2026-03-03T11:26:23","modified_gmt":"2026-03-03T11:26:23","slug":"exterior-space","status":"publish","type":"page","link":"https:\/\/www.moulindemaulne.com\/fr\/exterior-space\/","title":{"rendered":"Espace Ext\u00e9rieur"},"content":{"rendered":"<div id='layer_slider_1'  class='avia-layerslider main_color avia-shadow  avia-builder-el-0  el_before_av_one_third  avia-builder-el-first  container_wrap sidebar_left'  style='height: 301px; max-width: 1180px; margin: 0 auto;'  ><\/div><div id='after_layer_slider_1'  class='main_color av_default_container_wrap container_wrap sidebar_left'  ><div class='container av-section-cont-open' ><div class='template-page content  av-content-small units'><div class='post-entry post-entry-type-page post-entry-19'><div class='entry-content-wrapper clearfix'>\n<div class='flex_column av-7cks7-ac7cfbdee69838837389798814bff9b5 av_one_third  avia-builder-el-1  el_after_av_layerslider  el_before_av_two_third  avia-builder-el-first  first flex_column_div'     ><p>\n<style type=\"text\/css\" data-created_by=\"avia_inline_auto\" id=\"style-css-av-6nu4b-58e4192305908c68d571babf421f5de9\">\n#top .hr.hr-invisible.av-6nu4b-58e4192305908c68d571babf421f5de9{\nheight:5px;\n}\n<\/style>\n<div  class='hr av-6nu4b-58e4192305908c68d571babf421f5de9 hr-invisible  avia-builder-el-2  el_before_av_image  avia-builder-el-first'><span class='hr-inner'><span class=\"hr-inner-style\"><\/span><\/span><\/div><br \/>\n\n<style type=\"text\/css\" data-created_by=\"avia_inline_auto\" id=\"style-css-av-67tkr-be4b5246026a68eb77385f38aeba0293\">\n.avia-image-container.av-67tkr-be4b5246026a68eb77385f38aeba0293 img.avia_image{\nbox-shadow:none;\n}\n.avia-image-container.av-67tkr-be4b5246026a68eb77385f38aeba0293 .av-image-caption-overlay-center{\ncolor:#ffffff;\n}\n<\/style>\n<div  class='avia-image-container av-67tkr-be4b5246026a68eb77385f38aeba0293 av-styling- avia-align-center  avia-builder-el-3  el_after_av_hr  avia-builder-el-last'   itemprop=\"image\" itemscope=\"itemscope\" itemtype=\"https:\/\/schema.org\/ImageObject\" ><div class=\"avia-image-container-inner\"><div class=\"avia-image-overlay-wrap\"><img decoding=\"async\" class='wp-image-180 avia-img-lazy-loading-not-180 avia_image' src=\"https:\/\/www.moulindemaulne.com\/wp-content\/uploads\/2022\/09\/exterieur-side01.jpg\" alt='Moulin de Maulne - Exterieurs' title='Moulin de Maulne - Exterieurs'  height=\"640\" width=\"426\"  itemprop=\"thumbnailUrl\" srcset=\"https:\/\/www.moulindemaulne.com\/wp-content\/uploads\/2022\/09\/exterieur-side01.jpg 426w, https:\/\/www.moulindemaulne.com\/wp-content\/uploads\/2022\/09\/exterieur-side01-200x300.jpg 200w, https:\/\/www.moulindemaulne.com\/wp-content\/uploads\/2022\/09\/exterieur-side01-8x12.jpg 8w\" sizes=\"(max-width: 426px) 100vw, 426px\" \/><\/div><\/div><\/div><\/p><\/div>\n<div class='flex_column av-5xjwf-8af406558e1550c5a986ed42aac6fe24 av_two_third  avia-builder-el-4  el_after_av_one_third  el_before_av_hr  flex_column_div'     ><p>\n<style type=\"text\/css\" data-created_by=\"avia_inline_auto\" id=\"style-css-av-l7ujfdjn-eed2e97cccc5700ac0657e597684e4c7\">\n#top .av-special-heading.av-l7ujfdjn-eed2e97cccc5700ac0657e597684e4c7{\npadding-bottom:10px;\n}\nbody .av-special-heading.av-l7ujfdjn-eed2e97cccc5700ac0657e597684e4c7 .av-special-heading-tag .heading-char{\nfont-size:25px;\n}\n.av-special-heading.av-l7ujfdjn-eed2e97cccc5700ac0657e597684e4c7 .av-subheading{\nfont-size:15px;\n}\n<\/style>\n<div  class='av-special-heading av-l7ujfdjn-eed2e97cccc5700ac0657e597684e4c7 av-special-heading-h2 blockquote modern-quote  avia-builder-el-5  el_before_av_textblock  avia-builder-el-first'><h2 class='av-special-heading-tag'  itemprop=\"headline\"  >Description des Ext\u00e9rieurs:<\/h2><div class=\"special-heading-border\"><div class=\"special-heading-inner-border\"><\/div><\/div><\/div><br \/>\n<section  class='av_textblock_section av-l7ujia3x-d4280a3b330b768decb48ff1d372eb61'  itemscope=\"itemscope\" itemtype=\"https:\/\/schema.org\/CreativeWork\" ><div class='avia_textblock'  itemprop=\"text\" ><section class=\"av_textblock_section av-66u0b-435b38ac6e82cdc290e82f7fbefcc51f\"><strong>Le domaine de Moulin de Maulne est un propri\u00e9t\u00e9 de 10 ha.<\/strong>Localis\u00e9 en plein campagne, sans voisinage de  roximit\u00e9, Moulin de Maulne est un lieu ideal pour accompagner votre r\u00e9union ou c\u00e9l\u00e9bration avec de la musique, des animations, organiser des jeux en plein air ou passer vos vacances en toute tranquillit\u00e9.<\/p>\n<\/section>\n<\/div><\/section><br \/>\n<section  class='av_textblock_section av-mmai6lbt-f4eb35b8c9baf6f1070f33c472e7a2ba'  itemscope=\"itemscope\" itemtype=\"https:\/\/schema.org\/CreativeWork\" ><div class='avia_textblock'  itemprop=\"text\" ><h3>La Piscine.<\/h3>\n<p>La piscine chauff\u00e9e et s\u00e9curis\u00e9e est ouverte et fonctionnelle \u00e0 partir de la fin d'avril et jusqu\u2019\u00e0 la fin d\u2019octobre.<\/p>\n<p>La piscine est chauff\u00e9e avec la pompe \u00e0 chaleur. En p\u00e9riode estival la temp\u00e9rature de l\u2019eau est \u00e0 28\u00b0\/29\u00b0 C, en moyenne saison \u00e0 25\u00b0\/26\u00b0 C. Sa taille est 6m x 12m et la partie la plus profond est 2 m. L\u2019escalier de trois marches sur toute la largeur de la piscine facilite l\u2019acc\u00e8s dan l\u2019eau en tout douceur.<\/p>\n<p>La piscine est entour\u00e9 par une terrasse carrel\u00e9e et des plusieurs dizaines de gramin\u00e9es ornementales qui cr\u00e9ent un espace unique et serein.<\/p>\n<p>La terrasse est \u00e9quip\u00e9e en fauteuils et transats, et une partie de la terrasse est ombrag\u00e9 par une voile 5 m x 7 m<\/p>\n<p>La piscine est accessible via une porte fermante \u00e0 cl\u00e9.<\/p>\n<h3>Espace barbecue.<\/h3>\n<p>Le barbecue est construit en pierre et brique avec deux niveau de grillage.<\/p>\n<p>\u00c0 c\u00f4t\u00e9 il y a un espace pour le repas en plein air (env. 50 m2) avec un barbecue, des tables et bancs couvert par des voiles d\u2019ombrage (4m x 8m).<\/p>\n<h3>Aire de jeux.<\/h3>\n<p>Aire de jeux est \u00e9quip\u00e9e en une table de ping-pong ext\u00e9rieur, raquettes et un espace badminton.<\/p>\n<h3>Parking.<\/h3>\n<p>Grand parking est con\u00e7u pour le stationnement d\u2019une trentaine des voitures environ.<\/p>\n<\/div><\/section><\/p><\/div>\n<style type=\"text\/css\" data-created_by=\"avia_inline_auto\" id=\"style-css-av-i9yn-48eb2fcea8d21bbe7a7ee18a8dd194bd\">\n#top .hr.av-i9yn-48eb2fcea8d21bbe7a7ee18a8dd194bd{\nmargin-top:30px;\nmargin-bottom:30px;\n}\n.hr.av-i9yn-48eb2fcea8d21bbe7a7ee18a8dd194bd .hr-inner{\nwidth:400px;\nborder-color:#647231;\nmax-width:45%;\n}\n.hr.av-i9yn-48eb2fcea8d21bbe7a7ee18a8dd194bd .av-seperator-icon{\ncolor:#647231;\n}\n<\/style>\n<div  class='hr av-i9yn-48eb2fcea8d21bbe7a7ee18a8dd194bd hr-custom  avia-builder-el-8  el_after_av_two_third  el_before_av_one_full  hr-center hr-icon-yes'><span class='hr-inner inner-border-av-border-thin'><span class=\"hr-inner-style\"><\/span><\/span><span class='av-seperator-icon' aria-hidden='true' data-av_icon='\ue828' data-av_iconfont='entypo-fontello'><\/span><span class='hr-inner inner-border-av-border-thin'><span class=\"hr-inner-style\"><\/span><\/span><\/div><\/p>\n<div class='flex_column av-4of7j-1ba4c41aaf0667db8e4a861ff581863a av_one_full  avia-builder-el-9  el_after_av_hr  el_before_av_one_third  first flex_column_div'     ><section  class='av_textblock_section av-l7ujjr7e-b00bb43c629e99fb2780bdc33f9addb1'  itemscope=\"itemscope\" itemtype=\"https:\/\/schema.org\/CreativeWork\" ><div class='avia_textblock'  itemprop=\"text\" ><h3>Espace vertes, la rivi\u00e8re.<\/h3>\n<p>La propri\u00e9t\u00e9 est situ\u00e9 en Centre-Val de Loire, en belle campagne de Touraine Angevine, dans la splendide vall\u00e9e de la Maulne.<\/p>\n<p>Les deux b\u00e2timents du propri\u00e9t\u00e9, B\u00e2timent de R\u00e9ception et B\u00e2timent d\u2019H\u00e9bergement sont entour\u00e9s par le jardin paysager, des pelouses, des champs et collines avec beaucoup de choix d\u2019espaces \u00e0 profiter pour l\u2019organisation de votre \u00e9v\u00e9nement ou pendant vos vacances et reunions pour un week-end.<\/p>\n<p>L\u2019ensemble est \u00e9loign\u00e9 des routes et de voisinage de proximit\u00e9. La jolie rivi\u00e8re la Maulne traverse et contourne le domaine.<\/p>\n<p><strong>\u00c0 admirer \u00e0 volont\u00e9 !<\/strong><\/p>\n<\/div><\/section><\/div><div class='flex_column av-2uqjr-f348bf4f070ee79b458d1704d22eb262 av_one_third  avia-builder-el-11  el_after_av_one_full  el_before_av_one_third  first flex_column_div column-top-margin'     ><style type=\"text\/css\" data-created_by=\"avia_inline_auto\" id=\"style-css-av-2783j-7fb57e5321d3ff3bb19d2311df06587b\">\n.avia-image-container.av-2783j-7fb57e5321d3ff3bb19d2311df06587b img.avia_image{\nbox-shadow:none;\n}\n.avia-image-container.av-2783j-7fb57e5321d3ff3bb19d2311df06587b .av-image-caption-overlay-center{\ncolor:#ffffff;\n}\n<\/style>\n<div  class='avia-image-container av-2783j-7fb57e5321d3ff3bb19d2311df06587b av-styling- avia-align-center  avia-builder-el-12  avia-builder-el-no-sibling'   itemprop=\"image\" itemscope=\"itemscope\" itemtype=\"https:\/\/schema.org\/ImageObject\" ><div class=\"avia-image-container-inner\"><div class=\"avia-image-overlay-wrap\"><img decoding=\"async\" class='wp-image-182 avia-img-lazy-loading-not-182 avia_image' src=\"https:\/\/www.moulindemaulne.com\/wp-content\/uploads\/2022\/09\/exterieur-sml02.jpg\" alt='Moulin de Maulne - d&#039;en haut' title='Moulin de Maulne - d&#039;en haut'  height=\"427\" width=\"640\"  itemprop=\"thumbnailUrl\" srcset=\"https:\/\/www.moulindemaulne.com\/wp-content\/uploads\/2022\/09\/exterieur-sml02.jpg 640w, https:\/\/www.moulindemaulne.com\/wp-content\/uploads\/2022\/09\/exterieur-sml02-300x200.jpg 300w, https:\/\/www.moulindemaulne.com\/wp-content\/uploads\/2022\/09\/exterieur-sml02-18x12.jpg 18w\" sizes=\"(max-width: 640px) 100vw, 640px\" \/><\/div><\/div><\/div><\/div><div class='flex_column av-3vukz-a7fa57aefd0f6f623a7b8c204bde9a2c av_one_third  avia-builder-el-13  el_after_av_one_third  el_before_av_one_third  flex_column_div column-top-margin'     ><style type=\"text\/css\" data-created_by=\"avia_inline_auto\" id=\"style-css-av-38lxj-3c49251c085bef831bb814e90d791411\">\n.avia-image-container.av-38lxj-3c49251c085bef831bb814e90d791411 img.avia_image{\nbox-shadow:none;\n}\n.avia-image-container.av-38lxj-3c49251c085bef831bb814e90d791411 .av-image-caption-overlay-center{\ncolor:#ffffff;\n}\n<\/style>\n<div  class='avia-image-container av-38lxj-3c49251c085bef831bb814e90d791411 av-styling- avia-align-center  avia-builder-el-14  avia-builder-el-no-sibling'   itemprop=\"image\" itemscope=\"itemscope\" itemtype=\"https:\/\/schema.org\/ImageObject\" ><div class=\"avia-image-container-inner\"><div class=\"avia-image-overlay-wrap\"><img decoding=\"async\" class='wp-image-645 avia-img-lazy-loading-not-645 avia_image' src=\"https:\/\/www.moulindemaulne.com\/wp-content\/uploads\/2026\/03\/exterior01.jpg\" alt='The gardens' title='Le Jardin'  height=\"427\" width=\"640\"  itemprop=\"thumbnailUrl\" srcset=\"https:\/\/www.moulindemaulne.com\/wp-content\/uploads\/2026\/03\/exterior01.jpg 640w, https:\/\/www.moulindemaulne.com\/wp-content\/uploads\/2026\/03\/exterior01-300x200.jpg 300w, https:\/\/www.moulindemaulne.com\/wp-content\/uploads\/2026\/03\/exterior01-18x12.jpg 18w\" sizes=\"(max-width: 640px) 100vw, 640px\" \/><\/div><\/div><\/div><\/div><div class='flex_column av-1ffxz-d856be2ad9881ba639f418aee8b04d63 av_one_third  avia-builder-el-15  el_after_av_one_third  avia-builder-el-last  flex_column_div column-top-margin'     ><style type=\"text\/css\" data-created_by=\"avia_inline_auto\" id=\"style-css-av-2d9z-46816b221eb07d7377a96915e673c866\">\n.avia-image-container.av-2d9z-46816b221eb07d7377a96915e673c866 img.avia_image{\nbox-shadow:none;\n}\n.avia-image-container.av-2d9z-46816b221eb07d7377a96915e673c866 .av-image-caption-overlay-center{\ncolor:#ffffff;\n}\n<\/style>\n<div  class='avia-image-container av-2d9z-46816b221eb07d7377a96915e673c866 av-styling- avia-align-center  avia-builder-el-16  avia-builder-el-no-sibling'   itemprop=\"image\" itemscope=\"itemscope\" itemtype=\"https:\/\/schema.org\/ImageObject\" ><div class=\"avia-image-container-inner\"><div class=\"avia-image-overlay-wrap\"><img decoding=\"async\" class='wp-image-646 avia-img-lazy-loading-not-646 avia_image' src=\"https:\/\/www.moulindemaulne.com\/wp-content\/uploads\/2026\/03\/exterior02.jpg\" alt='Outdoor barbecue area' title='espace barbecue ext\u00e9rieur'  height=\"427\" width=\"640\"  itemprop=\"thumbnailUrl\" srcset=\"https:\/\/www.moulindemaulne.com\/wp-content\/uploads\/2026\/03\/exterior02.jpg 640w, https:\/\/www.moulindemaulne.com\/wp-content\/uploads\/2026\/03\/exterior02-300x200.jpg 300w, https:\/\/www.moulindemaulne.com\/wp-content\/uploads\/2026\/03\/exterior02-18x12.jpg 18w\" sizes=\"(max-width: 640px) 100vw, 640px\" \/><\/div><\/div><\/div><\/div><\/p>","protected":false},"excerpt":{"rendered":"","protected":false},"author":1,"featured_media":0,"parent":0,"menu_order":2,"comment_status":"closed","ping_status":"closed","template":"","meta":{"footnotes":""},"class_list":["post-19","page","type-page","status-publish","hentry"],"_links":{"self":[{"href":"https:\/\/www.moulindemaulne.com\/fr\/wp-json\/wp\/v2\/pages\/19","targetHints":{"allow":["GET"]}}],"collection":[{"href":"https:\/\/www.moulindemaulne.com\/fr\/wp-json\/wp\/v2\/pages"}],"about":[{"href":"https:\/\/www.moulindemaulne.com\/fr\/wp-json\/wp\/v2\/types\/page"}],"author":[{"embeddable":true,"href":"https:\/\/www.moulindemaulne.com\/fr\/wp-json\/wp\/v2\/users\/1"}],"replies":[{"embeddable":true,"href":"https:\/\/www.moulindemaulne.com\/fr\/wp-json\/wp\/v2\/comments?post=19"}],"version-history":[{"count":14,"href":"https:\/\/www.moulindemaulne.com\/fr\/wp-json\/wp\/v2\/pages\/19\/revisions"}],"predecessor-version":[{"id":650,"href":"https:\/\/www.moulindemaulne.com\/fr\/wp-json\/wp\/v2\/pages\/19\/revisions\/650"}],"wp:attachment":[{"href":"https:\/\/www.moulindemaulne.com\/fr\/wp-json\/wp\/v2\/media?parent=19"}],"curies":[{"name":"wp","href":"https:\/\/api.w.org\/{rel}","templated":true}]}}