{"id":23,"date":"2022-09-06T14:09:18","date_gmt":"2022-09-06T13:09:18","guid":{"rendered":"http:\/\/www.moulindemaulne.com\/?page_id=23"},"modified":"2022-09-29T11:42:57","modified_gmt":"2022-09-29T10:42:57","slug":"loire-valley-local-area","status":"publish","type":"page","link":"https:\/\/www.moulindemaulne.com\/fr\/local-area-food-wine\/loire-valley-local-area\/","title":{"rendered":"\u00c0 visiter, \u00c0 faire Localement"},"content":{"rendered":"<div id='layer_slider_1'  class='avia-layerslider main_color avia-shadow  avia-builder-el-0  el_before_av_one_third  avia-builder-el-first  container_wrap sidebar_left'  style='height: 301px; max-width: 1180px; margin: 0 auto;'  ><\/div><div id='after_layer_slider_1'  class='main_color av_default_container_wrap container_wrap sidebar_left'  ><div class='container av-section-cont-open' ><div class='template-page content  av-content-small units'><div class='post-entry post-entry-type-page post-entry-23'><div class='entry-content-wrapper clearfix'>\n<div class='flex_column av-3oqhn-528e3645259729788b94523447a6920c av_one_third  avia-builder-el-1  el_after_av_layerslider  el_before_av_two_third  avia-builder-el-first  first flex_column_div'     ><p>\n<style type=\"text\/css\" data-created_by=\"avia_inline_auto\" id=\"style-css-av-l8emflrd-3d763208eec9ea9c9cf4bf9d9d3dde65\">\n#top .hr.hr-invisible.av-l8emflrd-3d763208eec9ea9c9cf4bf9d9d3dde65{\nheight:5px;\n}\n<\/style>\n<div  class='hr av-l8emflrd-3d763208eec9ea9c9cf4bf9d9d3dde65 hr-invisible  avia-builder-el-2  el_before_av_image  avia-builder-el-first'><span class='hr-inner'><span class=\"hr-inner-style\"><\/span><\/span><\/div><br \/>\n\n<style type=\"text\/css\" data-created_by=\"avia_inline_auto\" id=\"style-css-av-l8ems33s-fbb7e4c77934354da90d557b986b7fb9\">\n.avia-image-container.av-l8ems33s-fbb7e4c77934354da90d557b986b7fb9 img.avia_image{\nbox-shadow:none;\n}\n.avia-image-container.av-l8ems33s-fbb7e4c77934354da90d557b986b7fb9 .av-image-caption-overlay-center{\ncolor:#ffffff;\n}\n<\/style>\n<div  class='avia-image-container av-l8ems33s-fbb7e4c77934354da90d557b986b7fb9 av-styling- avia-align-center  avia-builder-el-3  el_after_av_hr  avia-builder-el-last'   itemprop=\"image\" itemscope=\"itemscope\" itemtype=\"https:\/\/schema.org\/ImageObject\" ><div class=\"avia-image-container-inner\"><div class=\"avia-image-overlay-wrap\"><img decoding=\"async\" class='wp-image-280 avia-img-lazy-loading-not-280 avia_image' src=\"https:\/\/www.moulindemaulne.com\/wp-content\/uploads\/2022\/09\/local-area-insert.jpg\" alt='Loire Valley Chateaux' title='Loire Valley Chateaux'  height=\"450\" width=\"300\"  itemprop=\"thumbnailUrl\" srcset=\"https:\/\/www.moulindemaulne.com\/wp-content\/uploads\/2022\/09\/local-area-insert.jpg 300w, https:\/\/www.moulindemaulne.com\/wp-content\/uploads\/2022\/09\/local-area-insert-200x300.jpg 200w, https:\/\/www.moulindemaulne.com\/wp-content\/uploads\/2022\/09\/local-area-insert-8x12.jpg 8w\" sizes=\"(max-width: 300px) 100vw, 300px\" \/><\/div><\/div><\/div><\/p><\/div>\n<div class='flex_column av-3fphn-ec02c90f348ab4d47b6ee26e15c02a6f av_two_third  avia-builder-el-4  el_after_av_one_third  el_before_av_hr  flex_column_div'     ><p>\n<style type=\"text\/css\" data-created_by=\"avia_inline_auto\" id=\"style-css-av-l8emi495-2c65177c451664184e74a0b0b2ed30e3\">\n#top .av-special-heading.av-l8emi495-2c65177c451664184e74a0b0b2ed30e3{\npadding-bottom:10px;\n}\nbody .av-special-heading.av-l8emi495-2c65177c451664184e74a0b0b2ed30e3 .av-special-heading-tag .heading-char{\nfont-size:25px;\n}\n.av-special-heading.av-l8emi495-2c65177c451664184e74a0b0b2ed30e3 .av-subheading{\nfont-size:15px;\n}\n<\/style>\n<div  class='av-special-heading av-l8emi495-2c65177c451664184e74a0b0b2ed30e3 av-special-heading-h2 blockquote modern-quote  avia-builder-el-5  el_before_av_textblock  avia-builder-el-first'><h2 class='av-special-heading-tag'  itemprop=\"headline\"  >\u00c0 VISITER, \u00c0 FAIRE LOCALEMENT<\/h2><div class=\"special-heading-border\"><div class=\"special-heading-inner-border\"><\/div><\/div><\/div><br \/>\n<section  class='av_textblock_section av-l8emaf45-4e8f5ab0ad3ceb8ae3c95defdef31fbc'  itemscope=\"itemscope\" itemtype=\"https:\/\/schema.org\/CreativeWork\" ><div class='avia_textblock'  itemprop=\"text\" ><p>La richesse du patrimoine historique et architectural de la region Centre Val de Loire est exceptionnelle et mondialement connue.<\/p>\n<p>Nous avons d\u00e9di\u00e9 la partie de notre site aux monuments insolites : les Ch\u00e2teaux de la Loire . qui ont v\u00e9hicul\u00e9 \u00e0 la region sa notori\u00e9t\u00e9 internationale.<\/p>\n<p>Dans cette page nous voudrions mettre en avance des lieus \u00e0 visiter et activit\u00e9s \u00e0 faire autour de Moulin de Maulne. Situ\u00e9 au croisement de trois d\u00e9partements : d'Indre et loire, du Maine et Loire et de la Sarthe nous avons le privil\u00e8ge de vous presenter et sugg\u00e9rer les sites et monuments que sont souvent omis dans les brochures et guides touristiques qui se limitent strictement aux fronti\u00e8res d\u00e9partementales.<\/p>\n<p><em><strong><\/br><\/strong><\/em><\/p>\n<\/div><\/section><\/p><\/div>\n\n<style type=\"text\/css\" data-created_by=\"avia_inline_auto\" id=\"style-css-av-l8em6r4s-41fbddb571b6e2791f02bb6dd60c030b\">\n#top .hr.av-l8em6r4s-41fbddb571b6e2791f02bb6dd60c030b{\nmargin-top:30px;\nmargin-bottom:30px;\n}\n.hr.av-l8em6r4s-41fbddb571b6e2791f02bb6dd60c030b .hr-inner{\nwidth:400px;\nborder-color:#647231;\nmax-width:45%;\n}\n.hr.av-l8em6r4s-41fbddb571b6e2791f02bb6dd60c030b .av-seperator-icon{\ncolor:#647231;\n}\n<\/style>\n<div  class='hr av-l8em6r4s-41fbddb571b6e2791f02bb6dd60c030b hr-custom  avia-builder-el-7  el_after_av_two_third  el_before_av_one_full  hr-center hr-icon-yes'><span class='hr-inner inner-border-av-border-thin'><span class=\"hr-inner-style\"><\/span><\/span><span class='av-seperator-icon' aria-hidden='true' data-av_icon='\ue828' data-av_iconfont='entypo-fontello'><\/span><span class='hr-inner inner-border-av-border-thin'><span class=\"hr-inner-style\"><\/span><\/span><\/div>\n<div class='flex_column av-2yn7r-0b661e0c04d876a148719a349a68666c av_one_full  avia-builder-el-8  el_after_av_hr  el_before_av_one_third  first flex_column_div'     ><section  class='av_textblock_section av-l8emde2x-bc17ea3bb31d31cda4e15eb619d084e6'  itemscope=\"itemscope\" itemtype=\"https:\/\/schema.org\/CreativeWork\" ><div class='avia_textblock'  itemprop=\"text\" ><h3>\u00c0 visiter :<\/h3>\n<p>\u2022 Le Ch\u00e2teau du Lude et ses jardins, <a href=\"http:\/\/www.lelude.com\" target=\"_blank\" title=\"Le Ch\u00e2teau du Lude et ses jardins\">www.lelude.com ;<\/a><\/br>\n\u2022 Ch\u00e2teau de Champchevrier, <a href=\"https:\/\/champchevrier.fr\" target=\"_blank\" title=\"Ch\u00e2teau de Champchevrier\">https:\/\/champchevrier.fr ;<\/a><\/br>\n\u2022 Le Mus\u00e9e du Savign\u00e9en, <a href=\"http:\/\/www.museedusavigneen.fr\" target=\"_blank\" title=\"Le Mus\u00e9e du Savign\u00e9en\">http:\/\/www.museedusavigneen.fr ;<\/a><\/br>\n\u2022 Ch\u00e2teau de Marcilly sur Maulne, <a href=\"\/fr\/www.chateaudemarcillysurmaulne.com\/\" target=\"_blank\" title=\"Ch\u00e2teau de Marcilly sur Maulne\">www.chateaudemarcillysurmaulne.com ;<\/a><\/br>\n\u2022 Le Ch\u00e2teau et Apothicairerie de Baug\u00e9,<a href=\"https:\/\/chateau-bauge.fr\" target=\"_blank\" title=\"Le Ch\u00e2teau et Apothicairerie de Baug\u00e9\"> https:\/\/chateau-bauge.fr ;<\/a><\/br>\n\u2022 Ch\u00e2teau Gizeux - <a href=\"http:\/\/www.chateaudegizeux.com\" target=\"_blank\" title=\"Ch\u00e2teau Gizeux\"> www.chateaudegizeux.com ;<\/a><\/br>\n\u2022 Ruines m\u00e9di\u00e9vales du Ch\u00e2teau de Vaujours,<a href=\"\" target=\"_blank\" title=\"\"> www.chateaudevaujours.fr ;<\/a><\/br>\n\u2022 L'abbaye de la Clart\u00e9-Dieu, <a href=\"http:\/\/www.abbayeclartedieu.com\" target=\"_blank\" title=\"L'abbaye de la Clart\u00e9-Dieu\">www.abbayeclartedieu.com<\/a><\/br>\n\u2022 Coll\u00e9giale Saint-Michel-et-Saint-Pierre de Bueil, <a href=\"http:\/\/www.bueilentouraine.com\/la-collegiale-jean-debueil\/\" target=\"_blank\" title=\"Coll\u00e9giale Saint-Michel-et-Saint-Pierre de Bueil\">www.bueilentouraine.com\/la-collegiale-jean-debueil\/ ;<\/a><\/br>\n\u2022 L\u2019Abbaye Royale de Bourgueil , <a href=\"https:\/\/abbaye-bourgueil.fr\" target=\"_blank\" title=\"L\u2019Abbaye Royale de Bourgueil\">https:\/\/abbaye-bourgueil.fr ;<\/a><\/br>\n\u2022 La Devini\u00e8re, la maison natale et le mus\u00e9e Rabelais,<a href=\"http:\/\/www.musee-rabelais.fr\" target=\"_blank\" title=\"La Devini\u00e8re, la maison natale et le mus\u00e9e Rabelais\"> www.musee-rabelais.fr ;<\/a><\/br>\n\u2022 Le Zoo de La Fl\u00e8che,<a href=\"http:\/\/www.zoo-la-fleche.com\" target=\"_blank\" title=\"Le Zoo de La Fl\u00e8che\"> www.zoo-la-fleche.com ;<\/a><\/br>\n\u2022 Mus\u00e9e des 24 Heure du Mans,<a href=\"https:\/\/www.lemans-musee24h.com\" target=\"_blank\" title=\"Mus\u00e9e des 24 Heure du Mans\"> https:\/\/www.lemans-musee24h.com ;<\/a><\/br><\/p>\n<p><strong>\u00c0 faire :<\/strong><\/p>\n<p>\u2022 Les crins de la Martini\u00e8re, stages d\u2019\u00e9quitation, balades, randonn\u00e9es \u00e9questres, pension chevaux ; <a href=\"https:\/\/www.lescrinsdelamartiniere.fr\" target=\"_blank\" title=\"Les crins de la Martini\u00e8re, stages d\u2019\u00e9quitation, balades, randonn\u00e9es \u00e9questres, pension chevaux ; \">https:\/\/www.lescrinsdelamartiniere.fr ;<\/a><\/br>\n\u2022 Golf de Baug\u00e9,<a href=\"http:\/\/www.golf-bauge.fr\" target=\"_blank\" title=\"Golf de Baug\u00e9\"> www.golf-bauge.fr ;<\/a><\/br>\n\u2022 Golf du Ch\u00e2teau des Sept Tours, <a href=\"http:\/\/www.golfchateaudes7tours.com\" target=\"_blank\" title=\"Golf du Ch\u00e2teau des Sept Tours\">www.golfchateaudes7tours.com ;<\/a><\/br>\n\u2022 Les 24 Heures du Mans, <a href=\"http:\/\/www.24h-lemans.com\" target=\"_blank\" title=\"Les 24 Heures du Mans\">www.24h-lemans.com ;<\/a><\/br>\n\u2022 Le Mans Classic, <a href=\"http:\/\/www.lemansclassic.com\" target=\"_blank\" title=\"Le Mans Classic\">www.lemansclassic.com ;<\/a><\/br>\n\u2022 Parc \u00e0 th\u00e8me \u00ab Terra Botanica \u00bb pr\u00e9s de 49000 Angers <a href=\"https:\/\/www.terrabotanica.fr\" target=\"_blank\" title=\" Parc \u00e0 th\u00e8me \u00ab Terra Botanica \u00bb\">https:\/\/www.terrabotanica.fr ;<\/a><\/br><\/p>\n<p>Si vous, votre entreprise ou association souhaite que un monument, un lieu ou une activit\u00e9 que vous proposer ou voudriez promouvoir soit ajout\u00e9 sur cette page, veuillez nous contacter et nous le ferons volontiers.<\/p>\n<p><\/br><\/p>\n<p><em><strong><\/br><\/strong><\/em><\/p>\n<\/div><\/section><\/div>\n<div class='flex_column av-1x2tn-049c7c43e6c681508829720eb9f0bb13 av_one_third  avia-builder-el-10  el_after_av_one_full  el_before_av_one_third  first flex_column_div column-top-margin'     ><style type=\"text\/css\" data-created_by=\"avia_inline_auto\" id=\"style-css-av-l8emsp4p-ccd0f4d695d9a70e18fd02423b185b8c\">\n.avia-image-container.av-l8emsp4p-ccd0f4d695d9a70e18fd02423b185b8c img.avia_image{\nbox-shadow:none;\n}\n.avia-image-container.av-l8emsp4p-ccd0f4d695d9a70e18fd02423b185b8c .av-image-caption-overlay-center{\ncolor:#ffffff;\n}\n<\/style>\n<div  class='avia-image-container av-l8emsp4p-ccd0f4d695d9a70e18fd02423b185b8c av-styling- avia-align-center  avia-builder-el-11  avia-builder-el-no-sibling'   itemprop=\"image\" itemscope=\"itemscope\" itemtype=\"https:\/\/schema.org\/ImageObject\" ><div class=\"avia-image-container-inner\"><div class=\"avia-image-overlay-wrap\"><img decoding=\"async\" class='wp-image-277 avia-img-lazy-loading-not-277 avia_image' src=\"https:\/\/www.moulindemaulne.com\/wp-content\/uploads\/2022\/09\/local-area-1of3.jpg\" alt='Loire Valley Local Area' title='Loire Valley Local Area'  height=\"300\" width=\"400\"  itemprop=\"thumbnailUrl\" srcset=\"https:\/\/www.moulindemaulne.com\/wp-content\/uploads\/2022\/09\/local-area-1of3.jpg 400w, https:\/\/www.moulindemaulne.com\/wp-content\/uploads\/2022\/09\/local-area-1of3-300x225.jpg 300w, https:\/\/www.moulindemaulne.com\/wp-content\/uploads\/2022\/09\/local-area-1of3-16x12.jpg 16w\" sizes=\"(max-width: 400px) 100vw, 400px\" \/><\/div><\/div><\/div><\/div>\n<div class='flex_column av-1qovv-754b0c83a1d260324f944e1461868ae2 av_one_third  avia-builder-el-12  el_after_av_one_third  el_before_av_one_third  flex_column_div column-top-margin'     ><style type=\"text\/css\" data-created_by=\"avia_inline_auto\" id=\"style-css-av-l8emtcit-174fc61e5ef61f9ae7ce4aa5e8de76c6\">\n.avia-image-container.av-l8emtcit-174fc61e5ef61f9ae7ce4aa5e8de76c6 img.avia_image{\nbox-shadow:none;\n}\n.avia-image-container.av-l8emtcit-174fc61e5ef61f9ae7ce4aa5e8de76c6 .av-image-caption-overlay-center{\ncolor:#ffffff;\n}\n<\/style>\n<div  class='avia-image-container av-l8emtcit-174fc61e5ef61f9ae7ce4aa5e8de76c6 av-styling- avia-align-center  avia-builder-el-13  avia-builder-el-no-sibling'   itemprop=\"image\" itemscope=\"itemscope\" itemtype=\"https:\/\/schema.org\/ImageObject\" ><div class=\"avia-image-container-inner\"><div class=\"avia-image-overlay-wrap\"><img decoding=\"async\" class='wp-image-278 avia-img-lazy-loading-not-278 avia_image' src=\"https:\/\/www.moulindemaulne.com\/wp-content\/uploads\/2022\/09\/local-area-2of3.jpg\" alt='Loire Valley Local Area' title='Loire Valley Local Area'  height=\"300\" width=\"400\"  itemprop=\"thumbnailUrl\" srcset=\"https:\/\/www.moulindemaulne.com\/wp-content\/uploads\/2022\/09\/local-area-2of3.jpg 400w, https:\/\/www.moulindemaulne.com\/wp-content\/uploads\/2022\/09\/local-area-2of3-300x225.jpg 300w, https:\/\/www.moulindemaulne.com\/wp-content\/uploads\/2022\/09\/local-area-2of3-16x12.jpg 16w\" sizes=\"(max-width: 400px) 100vw, 400px\" \/><\/div><\/div><\/div><\/div>\n<div class='flex_column av-yzl3-f81438f39dbccc4590fab3515b6a9d07 av_one_third  avia-builder-el-14  el_after_av_one_third  avia-builder-el-last  flex_column_div column-top-margin'     ><style type=\"text\/css\" data-created_by=\"avia_inline_auto\" id=\"style-css-av-l8emuhaa-18461e61173b69b1d6705db40145f963\">\n.avia-image-container.av-l8emuhaa-18461e61173b69b1d6705db40145f963 img.avia_image{\nbox-shadow:none;\n}\n.avia-image-container.av-l8emuhaa-18461e61173b69b1d6705db40145f963 .av-image-caption-overlay-center{\ncolor:#ffffff;\n}\n<\/style>\n<div  class='avia-image-container av-l8emuhaa-18461e61173b69b1d6705db40145f963 av-styling- avia-align-center  avia-builder-el-15  avia-builder-el-no-sibling'   itemprop=\"image\" itemscope=\"itemscope\" itemtype=\"https:\/\/schema.org\/ImageObject\" ><div class=\"avia-image-container-inner\"><div class=\"avia-image-overlay-wrap\"><img decoding=\"async\" class='wp-image-279 avia-img-lazy-loading-not-279 avia_image' src=\"https:\/\/www.moulindemaulne.com\/wp-content\/uploads\/2022\/09\/local-area-3of3.jpg\" alt='Loire Valley local Area' title='Loire Valley local Area'  height=\"300\" width=\"400\"  itemprop=\"thumbnailUrl\" srcset=\"https:\/\/www.moulindemaulne.com\/wp-content\/uploads\/2022\/09\/local-area-3of3.jpg 400w, https:\/\/www.moulindemaulne.com\/wp-content\/uploads\/2022\/09\/local-area-3of3-300x225.jpg 300w, https:\/\/www.moulindemaulne.com\/wp-content\/uploads\/2022\/09\/local-area-3of3-16x12.jpg 16w\" sizes=\"(max-width: 400px) 100vw, 400px\" \/><\/div><\/div><\/div><\/div>","protected":false},"excerpt":{"rendered":"","protected":false},"author":1,"featured_media":0,"parent":21,"menu_order":1,"comment_status":"closed","ping_status":"closed","template":"","meta":{"footnotes":""},"class_list":["post-23","page","type-page","status-publish","hentry"],"_links":{"self":[{"href":"https:\/\/www.moulindemaulne.com\/fr\/wp-json\/wp\/v2\/pages\/23","targetHints":{"allow":["GET"]}}],"collection":[{"href":"https:\/\/www.moulindemaulne.com\/fr\/wp-json\/wp\/v2\/pages"}],"about":[{"href":"https:\/\/www.moulindemaulne.com\/fr\/wp-json\/wp\/v2\/types\/page"}],"author":[{"embeddable":true,"href":"https:\/\/www.moulindemaulne.com\/fr\/wp-json\/wp\/v2\/users\/1"}],"replies":[{"embeddable":true,"href":"https:\/\/www.moulindemaulne.com\/fr\/wp-json\/wp\/v2\/comments?post=23"}],"version-history":[{"count":6,"href":"https:\/\/www.moulindemaulne.com\/fr\/wp-json\/wp\/v2\/pages\/23\/revisions"}],"predecessor-version":[{"id":399,"href":"https:\/\/www.moulindemaulne.com\/fr\/wp-json\/wp\/v2\/pages\/23\/revisions\/399"}],"up":[{"embeddable":true,"href":"https:\/\/www.moulindemaulne.com\/fr\/wp-json\/wp\/v2\/pages\/21"}],"wp:attachment":[{"href":"https:\/\/www.moulindemaulne.com\/fr\/wp-json\/wp\/v2\/media?parent=23"}],"curies":[{"name":"wp","href":"https:\/\/api.w.org\/{rel}","templated":true}]}}