{"id":27,"date":"2022-09-06T14:09:58","date_gmt":"2022-09-06T13:09:58","guid":{"rendered":"http:\/\/www.moulindemaulne.com\/?page_id=27"},"modified":"2022-09-29T12:34:25","modified_gmt":"2022-09-29T11:34:25","slug":"wines-of-the-loire","status":"publish","type":"page","link":"https:\/\/www.moulindemaulne.com\/fr\/local-area-food-wine\/wines-of-the-loire\/","title":{"rendered":"Vin du val de Loire"},"content":{"rendered":"<div id='layer_slider_1'  class='avia-layerslider main_color avia-shadow  avia-builder-el-0  el_before_av_one_third  avia-builder-el-first  container_wrap sidebar_left'  style='height: 301px; max-width: 1180px; margin: 0 auto;'  ><\/div><div id='after_layer_slider_1'  class='main_color av_default_container_wrap container_wrap sidebar_left'  ><div class='container av-section-cont-open' ><div class='template-page content  av-content-small units'><div class='post-entry post-entry-type-page post-entry-27'><div class='entry-content-wrapper clearfix'>\n<div class='flex_column av-av_one_third-a93934ecd89fbb8a9566d39e89cd3725 av_one_third  avia-builder-el-1  el_after_av_layerslider  el_before_av_two_third  avia-builder-el-first  first flex_column_div'     ><p>\n<style type=\"text\/css\" data-created_by=\"avia_inline_auto\" id=\"style-css-av-l8mz5on3-202d9691c94114139abfe919f4c448b1\">\n#top .hr.hr-invisible.av-l8mz5on3-202d9691c94114139abfe919f4c448b1{\nheight:5px;\n}\n<\/style>\n<div  class='hr av-l8mz5on3-202d9691c94114139abfe919f4c448b1 hr-invisible  avia-builder-el-2  el_before_av_image  avia-builder-el-first'><span class='hr-inner'><span class=\"hr-inner-style\"><\/span><\/span><\/div><br \/>\n\n<style type=\"text\/css\" data-created_by=\"avia_inline_auto\" id=\"style-css-av-l8mz6nu3-b5eee3c89671ea31df0816403ad1a3cd\">\n.avia-image-container.av-l8mz6nu3-b5eee3c89671ea31df0816403ad1a3cd img.avia_image{\nbox-shadow:none;\n}\n.avia-image-container.av-l8mz6nu3-b5eee3c89671ea31df0816403ad1a3cd .av-image-caption-overlay-center{\ncolor:#ffffff;\n}\n<\/style>\n<div  class='avia-image-container av-l8mz6nu3-b5eee3c89671ea31df0816403ad1a3cd av-styling- avia-align-center  avia-builder-el-3  el_after_av_hr  avia-builder-el-last'   itemprop=\"image\" itemscope=\"itemscope\" itemtype=\"https:\/\/schema.org\/ImageObject\" ><div class=\"avia-image-container-inner\"><div class=\"avia-image-overlay-wrap\"><img decoding=\"async\" class='wp-image-409 avia-img-lazy-loading-not-409 avia_image' src=\"https:\/\/www.moulindemaulne.com\/wp-content\/uploads\/2022\/09\/wines-of-the-loire-valley.jpg\" alt='Wines of the Loire Valley' title='Wines of the Loire Valley'  height=\"450\" width=\"300\"  itemprop=\"thumbnailUrl\" srcset=\"https:\/\/www.moulindemaulne.com\/wp-content\/uploads\/2022\/09\/wines-of-the-loire-valley.jpg 300w, https:\/\/www.moulindemaulne.com\/wp-content\/uploads\/2022\/09\/wines-of-the-loire-valley-200x300.jpg 200w, https:\/\/www.moulindemaulne.com\/wp-content\/uploads\/2022\/09\/wines-of-the-loire-valley-8x12.jpg 8w\" sizes=\"(max-width: 300px) 100vw, 300px\" \/><\/div><\/div><\/div><\/p><\/div><div class='flex_column av-av_two_third-d06667205e6186ec8414c6eb7605d406 av_two_third  avia-builder-el-4  el_after_av_one_third  el_before_av_hr  flex_column_div'     ><p>\n<style type=\"text\/css\" data-created_by=\"avia_inline_auto\" id=\"style-css-av-l8mxp9mc-995befd36900b4f5235dc9ef0ab461ae\">\n#top .av-special-heading.av-l8mxp9mc-995befd36900b4f5235dc9ef0ab461ae{\npadding-bottom:10px;\n}\nbody .av-special-heading.av-l8mxp9mc-995befd36900b4f5235dc9ef0ab461ae .av-special-heading-tag .heading-char{\nfont-size:25px;\n}\n.av-special-heading.av-l8mxp9mc-995befd36900b4f5235dc9ef0ab461ae .av-subheading{\nfont-size:15px;\n}\n<\/style>\n<div  class='av-special-heading av-l8mxp9mc-995befd36900b4f5235dc9ef0ab461ae av-special-heading-h2 blockquote modern-quote  avia-builder-el-5  el_before_av_textblock  avia-builder-el-first'><h2 class='av-special-heading-tag'  itemprop=\"headline\"  >Les Vins du Val de Loire<\/h2><div class=\"special-heading-border\"><div class=\"special-heading-inner-border\"><\/div><\/div><\/div><br \/>\n<section  class='av_textblock_section av-l8mxsfzf-91fd788889da84ab3fdb2d6eee5cdf14'  itemscope=\"itemscope\" itemtype=\"https:\/\/schema.org\/CreativeWork\" ><div class='avia_textblock'  itemprop=\"text\" ><p>Qui pourrait mieux parler de vin que Fran\u00e7ois Rabelais dans son \u00ab Trait\u00e9 de bon usage de vin \u00bb :<\/p>\n<p>Lequel est grand &amp; perp\u00e9tuel pour \u00e9baudir \u00e2me &amp; corps et contre diverses maladies de membres ext\u00e9rieurs &amp; int\u00e9rieurs compos\u00e9 au profit d'enlumineurs de museaux par ma\u00eetre Alcofribas, l'architriclin du grand Pantagruel !<\/p>\n<p>Ici nous vous pr\u00e9sentons les appellation et les vignerons de la vall\u00e9e de la Loire qui nous connaissons bien et qui nous pouvons vous conseiller :<\/p>\n<\/div><\/section><\/p><\/div>\n<style type=\"text\/css\" data-created_by=\"avia_inline_auto\" id=\"style-css-av-av_hr-fbe4b6d83ec03dd053e611179d8f031e\">\n#top .hr.av-av_hr-fbe4b6d83ec03dd053e611179d8f031e{\nmargin-top:30px;\nmargin-bottom:30px;\n}\n.hr.av-av_hr-fbe4b6d83ec03dd053e611179d8f031e .hr-inner{\nwidth:400px;\nborder-color:#647231;\nmax-width:45%;\n}\n.hr.av-av_hr-fbe4b6d83ec03dd053e611179d8f031e .av-seperator-icon{\ncolor:#647231;\n}\n<\/style>\n<div  class='hr av-av_hr-fbe4b6d83ec03dd053e611179d8f031e hr-custom  avia-builder-el-7  el_after_av_two_third  el_before_av_one_full  hr-center hr-icon-yes'><span class='hr-inner inner-border-av-border-thin'><span class=\"hr-inner-style\"><\/span><\/span><span class='av-seperator-icon' aria-hidden='true' data-av_icon='\ue828' data-av_iconfont='entypo-fontello'><\/span><span class='hr-inner inner-border-av-border-thin'><span class=\"hr-inner-style\"><\/span><\/span><\/div><\/p>\n<div class='flex_column av-av_one_full-a93934ecd89fbb8a9566d39e89cd3725 av_one_full  avia-builder-el-8  el_after_av_hr  avia-builder-el-last  first flex_column_div'     ><section  class='av_textblock_section av-l8myezuq-04794c56883b28fa9fbcc66e200d9c48'  itemscope=\"itemscope\" itemtype=\"https:\/\/schema.org\/CreativeWork\" ><div class='avia_textblock'  itemprop=\"text\" ><h3>Les Vins du Val de Loire<\/h3>\n<p><strong>AOC TOURAINE AZAY-LE-RIDEAU<\/strong><\/p>\n<p>Produits par une dizaine de vignerons, les vins de l\u2019appellation sont frais et gourmands. Les vins blancs d\u00e9clinent une panoplie d\u2019ar\u00f4mes fruit\u00e9s et floraux. Les ros\u00e9s combinent fra\u00eecheur et gourmandise avec des ar\u00f4mes de fruits rouges et d\u2019\u00e9pices.<\/p>\n<p class=\"translation-block\">Vignerons de p\u00e8re en fils depuis 3 g\u00e9n\u00e9rations. L\u2019exploitation compte 7 hectares de vignes (c\u00e9pages Gamay, Chenin, Grolleau, Cabernet) et un demi-hectare d\u2019arbres fruitiers.<\/br>\nLa partie des b\u00e2timents Chai et accueil-d\u00e9gustation se situe dans des locaux traditionnels tourangeaux de 1864. Le stockage des bouteilles a lieu dans des caves creus\u00e9es dans le \u00ab tuffeau \u00bb ou en local isol\u00e9 pour partie.<br>\n<a href=\"http:\/\/www.domaine-thierry-besard.fr\/\" target=\"_self\">http:\/\/www.domaine-thierry-besard.fr\/<\/a><\/p>\n<p><strong>AOC BOURGUEIL et AOC SAINT-NICOLAS-DE-BOURGUEIL<\/strong><\/p>\n<p><strong>Sylvie &#038; Christian PANTAL\u00c9ON, Domaine PANTAL\u00c9ON et Fils<\/strong><\/p>\n<p class=\"translation-block\">Le Cabernet Franc seul c\u00e9page autoris\u00e9 pour la production des vins de Bourgueil et de St Nicolas de Bourgueil, il s\u2019exprimera diff\u00e9remment suivant le sol de son implantation.<\/br>\nSylvie, Christian et Anthony Pantal\u00e9on exploitent un vignoble de 20 hectares de vignes en c\u00e9page Cabernet Franc. Le sol est cultiv\u00e9 avec une culture raisonn\u00e9e, reconnue Haute Valeur Environnementale (HVE). Le vignoble est plant\u00e9 sur un terroir de graviers, de sables et de calcaire. Leu vins aux ar\u00f4mes de fruits rouges surprenants, d\u00e8s leurs premi\u00e8res ann\u00e9es, ils pr\u00e9sentent une fra\u00eecheur et une souplesse agr\u00e9able et apr\u00e8s quelques temps de garde, ils surprennent par leurs \u00e9l\u00e9gances et leurs \u00e9quilibres aromatiques.<br>\n<a href=\"https:\/\/www.vinspantaleon.fr\" target=\"_self\">https:\/\/www.vinspantaleon.fr<\/a><\/p>\n<p><strong>Jean-Charles BRUNEAU, Vignoble de la CHEVALERIE<\/strong><\/p>\n<p>Vignerons de p\u00e8re en fils depuis 3 g\u00e9n\u00e9rations produisants des vins rouges et du ros\u00e9 AOC Saint Nicolas de Bourgueil.<br \/>\n25 ha des vignes plant\u00e9s essentiellement sur des sols de sable et gravier ce qui donne aux vins un caract\u00e8re souple, l\u00e9ger et fruit\u00e9.<br \/>\n<a href=\"https:\/\/www.vignobledelachevallerie.fr\">https:\/\/www.vignobledelachevallerie.fr<\/a><\/p>\n<p><strong>Domaine du ROCHOUARD<\/strong><\/p>\n<p>Exploitation familiale cr\u00e9\u00e9e en 1969 par Mr Guy DUVEAU. Depuis son depart en retraite, ses fils Dominique et Jean-Luc continuent exploitation du domaine et obtiennent en 2015 label AB : Agriculture Biologique. 22 hectares sur les appellations Bourgueil , St Nicolas de Bourgueil et IGP pour les blancs.<br \/>\n<a href=\"https:\/\/domainedurochouard.com\">https:\/\/domainedurochouard.com<\/a><\/p>\n<p><strong>AOC CHINON<\/strong><\/p>\n<p><strong>Vignoble de la PO\u00cbLERIE, Claude, Fran\u00e7ois et Pierre-\u00c9douard CAILLE<\/strong><\/p>\n<p class=\"translation-block\">Le Chinon est un vin issu du c\u00e9page cabernet franc qui exprime des nuances par son lien au terroir. N\u00e9 sur des sols l\u00e9gers constitu\u00e9s de sables et graviers au bord de la Vienne, le vin de Chinon est rond en bouche, souple et plaisant. Quand il provient de sols plus fermes et denses comme les coteaux calcaires, c'est un vin qui a du corps, \u00e0 savoir un vin charpent\u00e9, apte \u00e0 une longue conservation.<br>\nIl y a 4 g\u00e9n\u00e9rations que le Vignoble de la Poelerie existe. A ce jour il repr\u00e9sente 21 hectares et s\u2019\u00e9tend entre la Vienne et le coteau sur des terrasses d\u2019alluvions graveleuses favorable \u00e0 l\u2019\u00e9laboration du Chinon tr\u00e8s typ\u00e9 de grande qualit\u00e9, vins rouges et ros\u00e9s AOC Chinon.<\/br>\n<a href=\"https:\/\/vignobledelapoelerie.fr\" target=\"_self\">https:\/\/vignobledelapoelerie.fr<\/a><\/p>\n<p><strong>AOC SAUMUR-CHAMPIGNY<\/strong><\/p>\n<p>L'ADN du Saumur-Champigny, c'est une terre de production de vins rouges qui s'\u00e9tend autour de 9 villages du Val de Loire. Les Saumur-Champigny s'accordent avec la nature qu\u2019ils pr\u00e9servent, avec la Loire et le tuffeau qui donnent au Cabernet franc toute sa fraicheur.<\/p>\n<p><strong>Domaine des BONNEVEAUX, Famille BOURDOUX<\/strong><\/p>\n<p>Nicole, Nicolas et Camille Bourdoux sont vignerons \u00e0 Varrains. Le vignoble de 15 hectares implant\u00e9s sur les meilleurs terroirs de l\u2019Appellation Saumur Champigny est conduit dans le respect de la tradition. La r\u00e9colte est demeur\u00e9e manuelle et les vinifications se font de fa\u00e7on traditionnelle en cuve avant un \u00e9levage en barriques sans bois neuf pour ne pas marquer les vins et conserver la fra\u00eecheur du fruit.<\/p>\n<p>Les cuv\u00e9es du domaine sont :<br \/>\n<em>Vieilles Vignes<\/em> - de grands rouges \u00e9labor\u00e9s \u00e0 partir du c\u00e9page cabernet franc selon la m\u00e9thode traditionnelle typique pour \u00e9laborer le meilleur des rouges de Saumur Champigny.<br \/>\n<em>Ros\u00e9 de Loire<\/em> un ros\u00e9 d'exception Christal, robe rose p\u00e2le. Il se sert de pr\u00e9f\u00e9rence \u00e0 9\u00b0C et accompagne parfaitement viandes blanches, entr\u00e9es ou ap\u00e9ritifs et charcuterie.<br \/>\n<em>Cr\u00e9mant de Loire<\/em> \u2013 le meilleur des vins de f\u00eate, un blanc effervescent issu de Chenin \u00e0 la robe paille p\u00e2le aux reflets dor\u00e9s, aux notes florales et fruit\u00e9es.<br \/>\n<em>Cr\u00e9mant de Loire Ros\u00e9<\/em> \u2013 issu du c\u00e9page Cabernet Franc, est de couleur rose saumon\u00e9 avec des notes de fraise et de framboise se d\u00e9veloppant en bouche. Un grand p\u00e9tillant de f\u00eate, d'ap\u00e9ritif ou de dessert, et pourquoi pas tout au long d'un repas de f\u00eate.<br \/>\n<a href=\"http:\/\/www.domainedesbonneveaux.com\/\">http:\/\/www.domainedesbonneveaux.com\/<\/a><\/p>\n<p><strong>AOC ANJOU<\/strong><\/p>\n<p><strong>Domaine de LUCET<\/strong><\/p>\n<p class=\"translation-block\">Lorsque Henri II Plantagen\u00eat comte d'Anjou, acc\u00e8de au tr\u00f4ne d'Angleterre en 1154, le vignoble angevin conna\u00eet un v\u00e9ritable essor. Cette AOC r\u00e9gionale englobe de nombreuses AOC sous-r\u00e9gionales et communales telles que l'anjou-blanc, l'anjou-rouge, l\u2019anjougamay, l\u2019anjou-fines-bulles, l'anjou villages, l'anjou villages brissac, le savenni\u00e8res, le coteaux-du-layon, le coteaux-de-l'aubance, le bonnezeaux, le chaume et le quarts-de-chaume.<br>\nDepuis 1928, quatre g\u00e9n\u00e9rations se sont succ\u00e9d\u00e9es pour travailler et animer avec passion notre domaine situ\u00e9 dans le Haut-Layon, sur l'un des trois monts du village de Tr\u00e9mont. Depuis mars 2020 le domaine a obtenu la Certification Haute Valeur Environnementale (HVE).\nLa douceur Angevine et le terroir donne des vins fruit\u00e9s pour les blancs et ros\u00e9s, des vins souples et puissants pour les rouges et des layons moelleux et liquoreux. Appellations : Anjou Rouge, Anjou Villages, Cabernet d'Anjou, Cr\u00e9mant de Loire, Saumur Brut et Demi-sec, Coteaux du Layon, Cabernet d'Anjou, Ros\u00e9 de Loire, Sauvignon, Chardonnay.\n<br>\n<a href=\"https:\/\/www.domainedelucet.com\" target=\"_self\">https:\/\/www.domainedelucet.com<\/a><\/p>\n<p><strong>Domaine du PETIT VAL- GOIZIL<\/strong><\/p>\n<p>Les vignes du Petit Val sont r\u00e9parties sur les communes de Chavagnes et de Thouarc\u00e9, au coeur des Coteaux du Layon. Le domaine fut cr\u00e9\u00e9 en 1950 par Vincent GOIZIL avec 7 hectares de vignes, dont 1,3 en appellation Bonnezeaux.<\/p>\n<p>Aujourd'hui la propri\u00e9t\u00e9 s\u2019\u00e9tend sur 47 hectares et se r\u00e9partissent de la mani\u00e8re suivante :<\/p>\n<ul>\n<li>19 ha sont consacr\u00e9s au Chenin dont 16,5 en appellation Coteaux du Layon et le reste en Bonnezeaux;<\/li>\n<li>19,70 ha de cabernet Franc et de Cabernet Sauvignon donnent les Anjou et Anjou\nVillages rouges ainsi que le Cabernet d\u2019Anjou Ros\u00e9;<\/li>\n<li>0,80 ha de gamay noir et 2,80 ha de grolleau pour le Ros\u00e9 d\u2019Anjou, Ros\u00e9 de Loire et le\nvin de Pays rouge;<\/li>\n<li>3,40 ha de Chardonnay pour le Blanc sec et le Cr\u00e9mant de Loire associ\u00e9 au Chenin et\nau Cabernet Franc,<\/li>\n<li>1,30 ha de sauvignon blanc en vin blanc sec<\/li>\n<\/ul>\n<p>La r\u00e9colte est manuelle pour le chardonnay, chenin et cabernet franc destin\u00e9s au Cr\u00e9mant De Loire. Automatis\u00e9 pour les vins blancs secs, les ros\u00e9s, les mousseux et les vins rouges si l\u2019\u00e9tat g\u00e9n\u00e9ral du fruit le permet, mais elle se fait manuellement si beaucoup de raisins sont ab\u00eem\u00e9s ou si il y a de grandes disparit\u00e9s de maturit\u00e9. Quant aux parcelles de Coteaux du Layon et de Bonnezeaux, elles sont naturellement vendang\u00e9es \u00e0 la main par tries successives, pour ne cueillir que les grappes suffisamment atteintes par la \u00ab pourriture noble \u00bb.<br \/>\n<a href=\"https:\/\/domainedupetitval.com\/\">https:\/\/domainedupetitval.com\/<\/a><\/p>\n<p><strong>AOC COTEAUX DU LOIRE ET AOC JASNI\u00c8RES<\/strong><\/p>\n<p>De c\u00e9page Pineau d\u2019Aunis, les rouges sont l\u00e9gers mais font preuve de caract\u00e8re avec des tons \u00e9pic\u00e9s ; ils peuvent se boire frais ou chambr\u00e9s. De c\u00e9page de chenin blanc (ou pineau de la Loire), les blancs d\u00e9veloppent un ar\u00f4me exceptionnel d\u00e8s leur r\u00e9colte et deviennent souvent de grands vins de garde. On reconna\u00eet ces derniers \u00e0 leur go\u00fbt de silex.<\/p>\n<p>Les blancs, Coteaux du Loir et Jasni\u00e8res qui est le plus r\u00e9put\u00e9, sont issus du seul c\u00e9page Chenin ou Pineau de la Loire. Ils sont fruit\u00e9s, et class\u00e9s parmi les meilleurs vins blancs secs de France.<\/p>\n<p><strong>Domaine C\u00c9ZIN<\/strong><\/p>\n<p>Un domaine viticole familiale \u00e0 Mar\u00e7on dans la Sarthe. Amandine et Xavier Fresneau, fr\u00e8re et soeur, s\u2019occupent du domaine compos\u00e9 de 17 hectares de vignes : 6,5 ha de Coteaux du Loir blanc, 7,5 ha de Coteaux du Loir rouge et ros\u00e9 et 3 ha dans l\u2019AOC Jasni\u00e8res<br \/>\nIssus des c\u00e9pages Pineau d\u2019Aunis et Chenin, les vins du Domaine C\u00e9zin sont \u00e9l\u00e9gants et d\u2019une belle intensit\u00e9 aromatique.<br \/>\n<a href=\"https:\/\/www.fresneau.fr\">https:\/\/www.fresneau.fr<\/a><\/p>\n<p>AOC COTEAUX DU VEND\u00d4MOIS<\/p>\n<p>L\u2019AOC Coteaux du Vend\u00f4mois est un vin tout \u00e0 fait particulier et original de la Loire. Il peut \u00eatre produit selon les trois couleurs, rouge, blanc et\u2026 gris ! Le sol est constitu\u00e9 de tuffeau d\u00e9compos\u00e9e en argiles \u00e0 silex sur les coteaux pentus. Les vins rouges sont des vins d\u2019assemblage \u00e0 base de pineau d'Aunis dominant compl\u00e9t\u00e9s par un apport de gamay ou de pinot noir. Le cabernet-franc peut \u00e9galement \u00eatre utilis\u00e9 pour les vins de garde. Les vins blancs sont principalement issus du chenin et du chardonnay. Les vins du Coteaux du Vend\u00f4mois gris sont exclusivement issus du pineau d'Aunis.<\/p>\n<p><strong>Cave de la BERTHELOTI\u00c8RE. Caves JUMERT.<\/strong><\/p>\n<p>Cr\u00e9\u00e9 en 1800, ce vignoble et sa cave en tuffeau sont g\u00e9r\u00e9s de p\u00e8re en fils depuis sept g\u00e9n\u00e9rations. Ce sont aujourd'hui Charles Jumert, install\u0439 en 1984, et son fils Florent qui conduisent \u00ab le plus naturellement possible sans pour autant revendiquer le bio \u00bb cette exploitation \u00e9tendue sur 13 ha.<\/p>\n<p>Leurs nombreuses cuv\u00e9es principalement \u00e9labor\u00e9es \u00e0 partir de Chenin et de Pineau d\u2019Aunis, c\u00e9page local typique aux ar\u00f4mes de fraise et de poivre blanc.<\/p>\n<p>Du sec au moelleux en passant par les p\u00e9tillants, tous les palais y trouveront leur bonheur. Vous pourrez \u00e9galement vous laisser surprendre par quelques raret\u00e9s comme une cuv\u00e9e de Meslier-saint-Fran\u00e7ois, un c\u00e9page rarissime.<\/p>\n<\/div><\/section><\/div>","protected":false},"excerpt":{"rendered":"","protected":false},"author":1,"featured_media":0,"parent":21,"menu_order":3,"comment_status":"closed","ping_status":"closed","template":"","meta":{"footnotes":""},"class_list":["post-27","page","type-page","status-publish","hentry"],"_links":{"self":[{"href":"https:\/\/www.moulindemaulne.com\/fr\/wp-json\/wp\/v2\/pages\/27","targetHints":{"allow":["GET"]}}],"collection":[{"href":"https:\/\/www.moulindemaulne.com\/fr\/wp-json\/wp\/v2\/pages"}],"about":[{"href":"https:\/\/www.moulindemaulne.com\/fr\/wp-json\/wp\/v2\/types\/page"}],"author":[{"embeddable":true,"href":"https:\/\/www.moulindemaulne.com\/fr\/wp-json\/wp\/v2\/users\/1"}],"replies":[{"embeddable":true,"href":"https:\/\/www.moulindemaulne.com\/fr\/wp-json\/wp\/v2\/comments?post=27"}],"version-history":[{"count":6,"href":"https:\/\/www.moulindemaulne.com\/fr\/wp-json\/wp\/v2\/pages\/27\/revisions"}],"predecessor-version":[{"id":412,"href":"https:\/\/www.moulindemaulne.com\/fr\/wp-json\/wp\/v2\/pages\/27\/revisions\/412"}],"up":[{"embeddable":true,"href":"https:\/\/www.moulindemaulne.com\/fr\/wp-json\/wp\/v2\/pages\/21"}],"wp:attachment":[{"href":"https:\/\/www.moulindemaulne.com\/fr\/wp-json\/wp\/v2\/media?parent=27"}],"curies":[{"name":"wp","href":"https:\/\/api.w.org\/{rel}","templated":true}]}}