{"id":49,"date":"2022-09-06T16:27:41","date_gmt":"2022-09-06T15:27:41","guid":{"rendered":"http:\/\/www.moulindemaulne.com\/?page_id=49"},"modified":"2022-09-24T15:52:09","modified_gmt":"2022-09-24T14:52:09","slug":"chateau-de-langeais","status":"publish","type":"page","link":"https:\/\/www.moulindemaulne.com\/fr\/the-chateaux-of-the-loire\/chateau-de-langeais\/","title":{"rendered":"Ch\u00e2teau de Langeais"},"content":{"rendered":"<div id='layer_slider_1'  class='avia-layerslider main_color avia-shadow  avia-builder-el-0  el_before_av_one_third  avia-builder-el-first  container_wrap sidebar_left'  style='height: 301px; max-width: 1180px; margin: 0 auto;'  ><\/div><div id='after_layer_slider_1'  class='main_color av_default_container_wrap container_wrap sidebar_left'  ><div class='container av-section-cont-open' ><div class='template-page content  av-content-small units'><div class='post-entry post-entry-type-page post-entry-49'><div class='entry-content-wrapper clearfix'>\n<div class='flex_column av-6yhv1-28f3b5519d4e610fa590cb4628d3a21c av_one_third  avia-builder-el-1  el_after_av_layerslider  el_before_av_two_third  avia-builder-el-first  first flex_column_div'     ><p>\n<style type=\"text\/css\" data-created_by=\"avia_inline_auto\" id=\"style-css-av-67tzh-915b6f0229eebdeefe22d4b613ba00c6\">\n#top .hr.hr-invisible.av-67tzh-915b6f0229eebdeefe22d4b613ba00c6{\nheight:5px;\n}\n<\/style>\n<div  class='hr av-67tzh-915b6f0229eebdeefe22d4b613ba00c6 hr-invisible  avia-builder-el-2  el_before_av_image  avia-builder-el-first'><span class='hr-inner'><span class=\"hr-inner-style\"><\/span><\/span><\/div><br \/>\n\n<style type=\"text\/css\" data-created_by=\"avia_inline_auto\" id=\"style-css-av-5scqd-a4a852d6b647a649d77acb6e126f7d42\">\n.avia-image-container.av-5scqd-a4a852d6b647a649d77acb6e126f7d42 img.avia_image{\nbox-shadow:none;\n}\n.avia-image-container.av-5scqd-a4a852d6b647a649d77acb6e126f7d42 .av-image-caption-overlay-center{\ncolor:#ffffff;\n}\n<\/style>\n<div  class='avia-image-container av-5scqd-a4a852d6b647a649d77acb6e126f7d42 av-styling- avia-align-center  avia-builder-el-3  el_after_av_hr  avia-builder-el-last'   itemprop=\"image\" itemscope=\"itemscope\" itemtype=\"https:\/\/schema.org\/ImageObject\" ><div class=\"avia-image-container-inner\"><div class=\"avia-image-overlay-wrap\"><img decoding=\"async\" class='wp-image-302 avia-img-lazy-loading-not-302 avia_image' src=\"https:\/\/www.moulindemaulne.com\/wp-content\/uploads\/2022\/09\/langeais-side.jpg\" alt='le Chateaux de Langeais' title='le Chateaux de Langeais'  height=\"500\" width=\"300\"  itemprop=\"thumbnailUrl\" srcset=\"https:\/\/www.moulindemaulne.com\/wp-content\/uploads\/2022\/09\/langeais-side.jpg 300w, https:\/\/www.moulindemaulne.com\/wp-content\/uploads\/2022\/09\/langeais-side-180x300.jpg 180w, https:\/\/www.moulindemaulne.com\/wp-content\/uploads\/2022\/09\/langeais-side-7x12.jpg 7w\" sizes=\"(max-width: 300px) 100vw, 300px\" \/><\/div><\/div><\/div><\/p><\/div>\n<div class='flex_column av-52vu1-3b4ba3bb5639485f3346197ba8b22d0e av_two_third  avia-builder-el-4  el_after_av_one_third  el_before_av_hr  flex_column_div'     ><p>\n<style type=\"text\/css\" data-created_by=\"avia_inline_auto\" id=\"style-css-av-l7qc6krn-d6103d3e2700227560cee81df7eeb239\">\n#top .av-special-heading.av-l7qc6krn-d6103d3e2700227560cee81df7eeb239{\npadding-bottom:10px;\n}\nbody .av-special-heading.av-l7qc6krn-d6103d3e2700227560cee81df7eeb239 .av-special-heading-tag .heading-char{\nfont-size:25px;\n}\n.av-special-heading.av-l7qc6krn-d6103d3e2700227560cee81df7eeb239 .av-subheading{\nfont-size:15px;\n}\n<\/style>\n<div  class='av-special-heading av-l7qc6krn-d6103d3e2700227560cee81df7eeb239 av-special-heading-h2 blockquote modern-quote  avia-builder-el-5  el_before_av_textblock  avia-builder-el-first'><h2 class='av-special-heading-tag'  itemprop=\"headline\"  >The Chateau de Langeais<\/h2><div class=\"special-heading-border\"><div class=\"special-heading-inner-border\"><\/div><\/div><\/div><br \/>\n<section  class='av_textblock_section av-l7qcbdbu-9ee82b75eb9d94eae65609cf69e8d38e'  itemscope=\"itemscope\" itemtype=\"https:\/\/schema.org\/CreativeWork\" ><div class='avia_textblock'  itemprop=\"text\" ><section class=\"av_textblock_section av-66u0b-435b38ac6e82cdc290e82f7fbefcc51f\">\n<div class=\"avia_textblock\">\n<p>Le ch\u00e2teau de Langeais est le plus ancien donjon de France. Initialement, il faisait partie d'un ch\u00e2teau m\u00e9di\u00e9val, construit \u00e0 la fin du Xe si\u00e8cle (992-994) par un des premiers comtes d'Anjou, Fulk Nerra. Il \u00e9tait reconnu comme l'un des premiers grands b\u00e2tisseurs d'environ 100 ch\u00e2teaux et abbayes m\u00e9di\u00e9vaux, \u00e0 travers la vall\u00e9e de la Loire dans ce qui est aujourd'hui la France. Il \u00e9tait aussi un illustre guerrier et strat\u00e8ge.<\/p>\n<p>Sous le r\u00e8gne de Plantagen\u00eat, la dynastie qui descend de Geoffroy II, comte du Gatinais, et de son \u00e9pouse Ermengarde d'Anjou agrandit le ch\u00e2teau. Il fut agrandi par Richard C\u0153ur de Lion (Richard Ier d'Angleterre) entre 1189 et 1199. Reconquis en 1206 par Philippe II de France (Philippe Auguste), le ch\u00e2teau fut d\u00e9truit pendant la guerre de Cent Ans.<\/p>\n<p>En 1465, Louis XI fait construire le second Ch\u00e2teau sous les vestiges de l'ancien \u00e9difice. Le nouveau ch\u00e2teau est termin\u00e9 en 1469. L'un des \u00e9v\u00e9nements les plus remarquables qui se d\u00e9roulent (en temps de paix) dans le ch\u00e2teau est le mariage d'Anne de Bretagne avec le roi Charles VIII le 6 d\u00e9cembre 1491 qui met fin \u00e0 l'ind\u00e9pendance du duch\u00e9 de Bretagne et scelle la permanence union de la Bretagne et de la France. Le ch\u00e2teau a \u00e9t\u00e9 abandonn\u00e9 pendant la r\u00e9volution fran\u00e7aise.<\/p>\n<p>En 1886, Jacques Siegfried ach\u00e8te le Ch\u00e2teau de Langeais et entame un programme de restauration. Il y installe une remarquable collection de tapisseries et de mobilier et l\u00e8gue le ch\u00e2teau \u00e0 l'Institut de France qui en est toujours propri\u00e9taire aujourd'hui.<\/p>\n<p>Depuis 1922, le ch\u00e2teau de Langeais est class\u00e9 monument historique par le minist\u00e8re fran\u00e7ais de la culture et est ouvert au public. Les parties du parc et des jardins autour des ruines antiques et jusqu'au pont sont class\u00e9es de la m\u00eame mani\u00e8re depuis 1942.<\/p>\n<\/div>\n<\/section>\n<\/div><\/section><\/p><\/div>\n\n<style type=\"text\/css\" data-created_by=\"avia_inline_auto\" id=\"style-css-av-l7qcd8zx-651427ae09b789486c1aec6e30517c13\">\n#top .hr.av-l7qcd8zx-651427ae09b789486c1aec6e30517c13{\nmargin-top:30px;\nmargin-bottom:30px;\n}\n.hr.av-l7qcd8zx-651427ae09b789486c1aec6e30517c13 .hr-inner{\nwidth:400px;\nborder-color:#647231;\nmax-width:45%;\n}\n.hr.av-l7qcd8zx-651427ae09b789486c1aec6e30517c13 .av-seperator-icon{\ncolor:#647231;\n}\n<\/style>\n<div  class='hr av-l7qcd8zx-651427ae09b789486c1aec6e30517c13 hr-custom  avia-builder-el-7  el_after_av_two_third  el_before_av_one_full  hr-center hr-icon-yes'><span class='hr-inner inner-border-av-border-thin'><span class=\"hr-inner-style\"><\/span><\/span><span class='av-seperator-icon' aria-hidden='true' data-av_icon='\ue828' data-av_iconfont='entypo-fontello'><\/span><span class='hr-inner inner-border-av-border-thin'><span class=\"hr-inner-style\"><\/span><\/span><\/div>\n<div class='flex_column av-4pqu9-98a9024741a78bbd350e98c7a184ce41 av_one_full  avia-builder-el-8  el_after_av_hr  el_before_av_one_third  first flex_column_div'     ><section  class='av_textblock_section av-l7qcf5a9-c08ef1d2e8bc9bd68d105f47bc89a0ef'  itemscope=\"itemscope\" itemtype=\"https:\/\/schema.org\/CreativeWork\" ><div class='avia_textblock'  itemprop=\"text\" ><h3>Les Jardins et Parc du Ch\u00e2teau de Langeais.<\/h3>\n<p>Un parcours captivant conduit les visiteurs \u00e0 travers le jardin d'inspiration m\u00e9di\u00e9vale et dans le parc, avec un point de vue panoramique sur la Loire, les c\u00e8dres bicentenaires de l'Atlas et les s\u00e9quoias g\u00e9ants.<\/p>\n<p>Une exposition photographique \u00ab Le bien-\u00eatre commence au jardin \u00bb est mise en \u00e9vidence dans le parc du ch\u00e2teau. Il est bas\u00e9 sur l'un des plus c\u00e9l\u00e8bres manuscrits enlumin\u00e9s d'Anne de Bretagne : les Grandes Heures.<\/p>\n<p>Elle appr\u00e9ciait l'art des jardins et chargea Jean Bourdichon, peintre de miniatures et enlumineur de manuscrits \u00e0 la cour de France, d'illustrer les bordures des pages manuscrites d'une repr\u00e9sentation soign\u00e9e de 337 plantes. Les reproductions grand format de certaines des enluminures, expos\u00e9es dans le parc, d\u00e9taillent les vertus m\u00e9dicinales de ces plantes essentielles, avec des recettes de m\u00e9decins et d'humanistes du Moyen-\u00c2ge et de la Renaissance.<\/p>\n<\/div><\/section><\/div>\n<div class='flex_column av-40rzx-76b1af3564a5d077aff9f57e77bc4043 av_one_third  avia-builder-el-10  el_after_av_one_full  el_before_av_one_third  first flex_column_div column-top-margin'     ><style type=\"text\/css\" data-created_by=\"avia_inline_auto\" id=\"style-css-av-3f9jd-9b86f9e81c7ad072abdc0487eb9f0798\">\n.avia-image-container.av-3f9jd-9b86f9e81c7ad072abdc0487eb9f0798 img.avia_image{\nbox-shadow:none;\n}\n.avia-image-container.av-3f9jd-9b86f9e81c7ad072abdc0487eb9f0798 .av-image-caption-overlay-center{\ncolor:#ffffff;\n}\n<\/style>\n<div  class='avia-image-container av-3f9jd-9b86f9e81c7ad072abdc0487eb9f0798 av-styling- avia-align-center  avia-builder-el-11  avia-builder-el-no-sibling'   itemprop=\"image\" itemscope=\"itemscope\" itemtype=\"https:\/\/schema.org\/ImageObject\" ><div class=\"avia-image-container-inner\"><div class=\"avia-image-overlay-wrap\"><img decoding=\"async\" class='wp-image-299 avia-img-lazy-loading-not-299 avia_image' src=\"https:\/\/www.moulindemaulne.com\/wp-content\/uploads\/2022\/09\/chateau-de-langeais01.jpg\" alt='le Chateaux de Langeais' title='le Chateaux de Langeais'  height=\"300\" width=\"400\"  itemprop=\"thumbnailUrl\" srcset=\"https:\/\/www.moulindemaulne.com\/wp-content\/uploads\/2022\/09\/chateau-de-langeais01.jpg 400w, https:\/\/www.moulindemaulne.com\/wp-content\/uploads\/2022\/09\/chateau-de-langeais01-300x225.jpg 300w, https:\/\/www.moulindemaulne.com\/wp-content\/uploads\/2022\/09\/chateau-de-langeais01-16x12.jpg 16w\" sizes=\"(max-width: 400px) 100vw, 400px\" \/><\/div><\/div><\/div><\/div>\n<div class='flex_column av-2pxkt-233ab5e2950c761943231bab4ef790bc av_one_third  avia-builder-el-12  el_after_av_one_third  el_before_av_one_third  flex_column_div column-top-margin'     ><style type=\"text\/css\" data-created_by=\"avia_inline_auto\" id=\"style-css-av-1wrch-722744128bfe78540cafeffdbb8bd9e1\">\n.avia-image-container.av-1wrch-722744128bfe78540cafeffdbb8bd9e1 img.avia_image{\nbox-shadow:none;\n}\n.avia-image-container.av-1wrch-722744128bfe78540cafeffdbb8bd9e1 .av-image-caption-overlay-center{\ncolor:#ffffff;\n}\n<\/style>\n<div  class='avia-image-container av-1wrch-722744128bfe78540cafeffdbb8bd9e1 av-styling- avia-align-center  avia-builder-el-13  avia-builder-el-no-sibling'   itemprop=\"image\" itemscope=\"itemscope\" itemtype=\"https:\/\/schema.org\/ImageObject\" ><div class=\"avia-image-container-inner\"><div class=\"avia-image-overlay-wrap\"><img decoding=\"async\" class='wp-image-300 avia-img-lazy-loading-not-300 avia_image' src=\"https:\/\/www.moulindemaulne.com\/wp-content\/uploads\/2022\/09\/chateau-de-langeais02.jpg\" alt='le Chateaux de Langeais' title='le Chateaux de Langeais'  height=\"300\" width=\"400\"  itemprop=\"thumbnailUrl\" srcset=\"https:\/\/www.moulindemaulne.com\/wp-content\/uploads\/2022\/09\/chateau-de-langeais02.jpg 400w, https:\/\/www.moulindemaulne.com\/wp-content\/uploads\/2022\/09\/chateau-de-langeais02-300x225.jpg 300w, https:\/\/www.moulindemaulne.com\/wp-content\/uploads\/2022\/09\/chateau-de-langeais02-16x12.jpg 16w\" sizes=\"(max-width: 400px) 100vw, 400px\" \/><\/div><\/div><\/div><\/div>\n<div class='flex_column av-1r08x-1f657151b582b3e801b4a6a3f45337d2 av_one_third  avia-builder-el-14  el_after_av_one_third  avia-builder-el-last  flex_column_div column-top-margin'     ><style type=\"text\/css\" data-created_by=\"avia_inline_auto\" id=\"style-css-av-132d5-9892d9673766bfc29c64e54b4813cae5\">\n.avia-image-container.av-132d5-9892d9673766bfc29c64e54b4813cae5 img.avia_image{\nbox-shadow:none;\n}\n.avia-image-container.av-132d5-9892d9673766bfc29c64e54b4813cae5 .av-image-caption-overlay-center{\ncolor:#ffffff;\n}\n<\/style>\n<div  class='avia-image-container av-132d5-9892d9673766bfc29c64e54b4813cae5 av-styling- avia-align-center  avia-builder-el-15  avia-builder-el-no-sibling'   itemprop=\"image\" itemscope=\"itemscope\" itemtype=\"https:\/\/schema.org\/ImageObject\" ><div class=\"avia-image-container-inner\"><div class=\"avia-image-overlay-wrap\"><img decoding=\"async\" class='wp-image-301 avia-img-lazy-loading-not-301 avia_image' src=\"https:\/\/www.moulindemaulne.com\/wp-content\/uploads\/2022\/09\/chateau-de-langeais03.jpg\" alt='le Chateaux de Langeais' title='le Chateaux de Langeais'  height=\"300\" width=\"400\"  itemprop=\"thumbnailUrl\" srcset=\"https:\/\/www.moulindemaulne.com\/wp-content\/uploads\/2022\/09\/chateau-de-langeais03.jpg 400w, https:\/\/www.moulindemaulne.com\/wp-content\/uploads\/2022\/09\/chateau-de-langeais03-300x225.jpg 300w, https:\/\/www.moulindemaulne.com\/wp-content\/uploads\/2022\/09\/chateau-de-langeais03-16x12.jpg 16w\" sizes=\"(max-width: 400px) 100vw, 400px\" \/><\/div><\/div><\/div><\/div>","protected":false},"excerpt":{"rendered":"","protected":false},"author":1,"featured_media":0,"parent":29,"menu_order":0,"comment_status":"closed","ping_status":"closed","template":"","meta":{"footnotes":""},"class_list":["post-49","page","type-page","status-publish","hentry"],"_links":{"self":[{"href":"https:\/\/www.moulindemaulne.com\/fr\/wp-json\/wp\/v2\/pages\/49","targetHints":{"allow":["GET"]}}],"collection":[{"href":"https:\/\/www.moulindemaulne.com\/fr\/wp-json\/wp\/v2\/pages"}],"about":[{"href":"https:\/\/www.moulindemaulne.com\/fr\/wp-json\/wp\/v2\/types\/page"}],"author":[{"embeddable":true,"href":"https:\/\/www.moulindemaulne.com\/fr\/wp-json\/wp\/v2\/users\/1"}],"replies":[{"embeddable":true,"href":"https:\/\/www.moulindemaulne.com\/fr\/wp-json\/wp\/v2\/comments?post=49"}],"version-history":[{"count":6,"href":"https:\/\/www.moulindemaulne.com\/fr\/wp-json\/wp\/v2\/pages\/49\/revisions"}],"predecessor-version":[{"id":386,"href":"https:\/\/www.moulindemaulne.com\/fr\/wp-json\/wp\/v2\/pages\/49\/revisions\/386"}],"up":[{"embeddable":true,"href":"https:\/\/www.moulindemaulne.com\/fr\/wp-json\/wp\/v2\/pages\/29"}],"wp:attachment":[{"href":"https:\/\/www.moulindemaulne.com\/fr\/wp-json\/wp\/v2\/media?parent=49"}],"curies":[{"name":"wp","href":"https:\/\/api.w.org\/{rel}","templated":true}]}}