{"id":52,"date":"2022-09-06T16:33:06","date_gmt":"2022-09-06T15:33:06","guid":{"rendered":"http:\/\/www.moulindemaulne.com\/?page_id=52"},"modified":"2022-09-24T15:50:48","modified_gmt":"2022-09-24T14:50:48","slug":"chateau-de-villandry","status":"publish","type":"page","link":"https:\/\/www.moulindemaulne.com\/fr\/the-chateaux-of-the-loire\/chateau-de-villandry\/","title":{"rendered":"Ch\u00e2teau de Villandry"},"content":{"rendered":"<div id='layer_slider_1'  class='avia-layerslider main_color avia-shadow  avia-builder-el-0  el_before_av_one_third  avia-builder-el-first  container_wrap sidebar_left'  style='height: 301px; max-width: 1180px; margin: 0 auto;'  ><\/div><div id='after_layer_slider_1'  class='main_color av_default_container_wrap container_wrap sidebar_left'  ><div class='container av-section-cont-open' ><div class='template-page content  av-content-small units'><div class='post-entry post-entry-type-page post-entry-52'><div class='entry-content-wrapper clearfix'>\n<div class='flex_column av-7f2bc-71b55bf19086a75d7b2813a03fb77a5d av_one_third  avia-builder-el-1  el_after_av_layerslider  el_before_av_two_third  avia-builder-el-first  first flex_column_div'     ><p>\n<style type=\"text\/css\" data-created_by=\"avia_inline_auto\" id=\"style-css-av-6rnyc-d05b77f712a0e4c73d2bbc59aaf534aa\">\n#top .hr.hr-invisible.av-6rnyc-d05b77f712a0e4c73d2bbc59aaf534aa{\nheight:5px;\n}\n<\/style>\n<div  class='hr av-6rnyc-d05b77f712a0e4c73d2bbc59aaf534aa hr-invisible  avia-builder-el-2  el_before_av_image  avia-builder-el-first'><span class='hr-inner'><span class=\"hr-inner-style\"><\/span><\/span><\/div><br \/>\n\n<style type=\"text\/css\" data-created_by=\"avia_inline_auto\" id=\"style-css-av-63mtw-79fb172b206a3303828f2b589748eace\">\n.avia-image-container.av-63mtw-79fb172b206a3303828f2b589748eace img.avia_image{\nbox-shadow:none;\n}\n.avia-image-container.av-63mtw-79fb172b206a3303828f2b589748eace .av-image-caption-overlay-center{\ncolor:#ffffff;\n}\n<\/style>\n<div  class='avia-image-container av-63mtw-79fb172b206a3303828f2b589748eace av-styling- avia-align-center  avia-builder-el-3  el_after_av_hr  avia-builder-el-last'   itemprop=\"image\" itemscope=\"itemscope\" itemtype=\"https:\/\/schema.org\/ImageObject\" ><div class=\"avia-image-container-inner\"><div class=\"avia-image-overlay-wrap\"><img decoding=\"async\" class='wp-image-308 avia-img-lazy-loading-not-308 avia_image' src=\"https:\/\/www.moulindemaulne.com\/wp-content\/uploads\/2022\/09\/villandry-side.jpg\" alt='le Ch\u00e2teau de Villandry' title='le Ch\u00e2teau de Villandry'  height=\"500\" width=\"300\"  itemprop=\"thumbnailUrl\" srcset=\"https:\/\/www.moulindemaulne.com\/wp-content\/uploads\/2022\/09\/villandry-side.jpg 300w, https:\/\/www.moulindemaulne.com\/wp-content\/uploads\/2022\/09\/villandry-side-180x300.jpg 180w, https:\/\/www.moulindemaulne.com\/wp-content\/uploads\/2022\/09\/villandry-side-7x12.jpg 7w\" sizes=\"(max-width: 300px) 100vw, 300px\" \/><\/div><\/div><\/div><\/p><\/div>\n<div class='flex_column av-5m8ac-7c8c4baff3af602598d391f67ca16a73 av_two_third  avia-builder-el-4  el_after_av_one_third  el_before_av_hr  flex_column_div'     ><p>\n<style type=\"text\/css\" data-created_by=\"avia_inline_auto\" id=\"style-css-av-l7qcnl4i-ddd5c7eac45f7eb46b31d148a5134d8f\">\n#top .av-special-heading.av-l7qcnl4i-ddd5c7eac45f7eb46b31d148a5134d8f{\npadding-bottom:10px;\n}\nbody .av-special-heading.av-l7qcnl4i-ddd5c7eac45f7eb46b31d148a5134d8f .av-special-heading-tag .heading-char{\nfont-size:25px;\n}\n.av-special-heading.av-l7qcnl4i-ddd5c7eac45f7eb46b31d148a5134d8f .av-subheading{\nfont-size:15px;\n}\n<\/style>\n<div  class='av-special-heading av-l7qcnl4i-ddd5c7eac45f7eb46b31d148a5134d8f av-special-heading-h2 blockquote modern-quote  avia-builder-el-5  el_before_av_textblock  avia-builder-el-first'><h2 class='av-special-heading-tag'  itemprop=\"headline\"  >Ch\u00e2teaux de Villandry<\/h2><div class=\"special-heading-border\"><div class=\"special-heading-inner-border\"><\/div><\/div><\/div><br \/>\n<section  class='av_textblock_section av-l7qco9t9-a8cbda0c3d98f4b830066cc417c40857'  itemscope=\"itemscope\" itemtype=\"https:\/\/schema.org\/CreativeWork\" ><div class='avia_textblock'  itemprop=\"text\" ><section class=\"av_textblock_section av-66u0b-435b38ac6e82cdc290e82f7fbefcc51f\">\n<div class=\"avia_textblock\">\n<section class=\"av_textblock_section av-6ce8p-b339667711dafcdc006c7928548bd524\">\n<div class=\"avia_textblock\">\n<p>Le ch\u00e2teau de Villandry a \u00e9t\u00e9 construit autour d'un donjon m\u00e9di\u00e9val. C'est ici qu'en 1189, Henri II d'Angleterre et son fils, Richard C\u0153ur de Lion, rencontr\u00e8rent le roi Philippe Auguste (Philippe II de France) pour signer le trait\u00e9 connu sous le nom de \"La Paix de Colombiers\". (\u00ab La Paix de Colombiers \u00bb, Colombiers \u00e9tait le nom de Villandry au Moyen \u00c2ge).<\/p>\n<p>Les terres du Ch\u00e2teau ont \u00e9t\u00e9 acquises au d\u00e9but du XVIe si\u00e8cle par Jean Le Breton. Jean Le Breton \u00e9tait contr\u00f4leur g\u00e9n\u00e9ral de la guerre de France sous le roi Fran\u00e7ois Ier. Achev\u00e9 en 1536, le ch\u00e2teau de Villandry \u00e9tait l'un des derniers grands ch\u00e2teaux de la Renaissance construits sur les rives de la Loire.<\/p>\n<p>Outre l'architecture, Jean Le Breton s'int\u00e9resse \u00e9galement \u00e0 l'art du jardinage. Par lui, les forteresses f\u00e9odales ont fait place \u00e0 de d\u00e9licats ch\u00e2teaux. Les remparts deviennent alors des murailles qui permettent de contempler le paysage environnant. Les jardins clos et utilitaires du Moyen \u00c2ge c\u00e8dent la place aux jardins d'ornement. Ces jardins offraient une transition douce entre la maison et son cadre naturel.<\/p>\n<\/div>\n<\/section>\n<\/div>\n<\/section>\n<\/div><\/section><\/p><\/div>\n\n<style type=\"text\/css\" data-created_by=\"avia_inline_auto\" id=\"style-css-av-4zwco-4a6b61b3e45de528dfb4e71e370ce58f\">\n#top .hr.av-4zwco-4a6b61b3e45de528dfb4e71e370ce58f{\nmargin-top:30px;\nmargin-bottom:30px;\n}\n.hr.av-4zwco-4a6b61b3e45de528dfb4e71e370ce58f .hr-inner{\nwidth:400px;\nborder-color:#647231;\nmax-width:45%;\n}\n.hr.av-4zwco-4a6b61b3e45de528dfb4e71e370ce58f .av-seperator-icon{\ncolor:#647231;\n}\n<\/style>\n<div  class='hr av-4zwco-4a6b61b3e45de528dfb4e71e370ce58f hr-custom  avia-builder-el-7  el_after_av_two_third  el_before_av_one_full  hr-center hr-icon-yes'><span class='hr-inner inner-border-av-border-thin'><span class=\"hr-inner-style\"><\/span><\/span><span class='av-seperator-icon' aria-hidden='true' data-av_icon='\ue828' data-av_iconfont='entypo-fontello'><\/span><span class='hr-inner inner-border-av-border-thin'><span class=\"hr-inner-style\"><\/span><\/span><\/div>\n<div class='flex_column av-489is-6a9120692c8d42d6f6dc046dd07bc7d8 av_one_full  avia-builder-el-8  el_after_av_hr  el_before_av_one_third  first flex_column_div'     ><section  class='av_textblock_section av-l7qcoxpr-6078c179ceedba01e82440343371951a'  itemscope=\"itemscope\" itemtype=\"https:\/\/schema.org\/CreativeWork\" ><div class='avia_textblock'  itemprop=\"text\" ><h3>The Chateau de Villandry and its Gardens.<\/h3>\n<p>Au pied du ch\u00e2teau, des jardins \u00e0 la fran\u00e7aise ont \u00e9t\u00e9 am\u00e9nag\u00e9s avec vue sur le Cher. Leur splendeur a valu au domaine une r\u00e9putation bien au-del\u00e0 du Val de Loire. Actuellement, les jardins du Ch\u00e2teau de Villandry sont une interpr\u00e9tation spectaculaire du 20\u00e8me si\u00e8cle de ces jardins du 16\u00e8me si\u00e8cle.<\/p>\n<p>Ils sont la cr\u00e9ation de Joachim de Carvallo, qui acheta la propri\u00e9t\u00e9 en 1906. Ses descendants en sont toujours les propri\u00e9taires aujourd'hui. Les travaux de transformation des jardins ont n\u00e9cessit\u00e9 \u00e9norm\u00e9ment de temps et d'argent. Sa vision s'inspire, entre autres, des gravures de Jacques Androuet. Enfin, ses efforts et son d\u00e9vouement ont abouti \u00e0 une reconstitution \u00e9tonnante des magnifiques jardins du XVIe si\u00e8cle.<\/p>\n<p>En 1920, dans la partie la plus basse du jardin, il d\u00e9cide d'installer le fameux \u00ab Potager \u00bb, potager Renaissance. Cela a \u00e9t\u00e9 fait \u00e0 une \u00e9chelle jamais vue ailleurs. Il est form\u00e9 de neuf plates-bandes v\u00e9g\u00e9tales dans lesquelles quarante vari\u00e9t\u00e9s de l\u00e9gumes sont plant\u00e9es chaque ann\u00e9e.<\/p>\n<p>R\u00e9partis entre quatre terrasses, les jardins du Ch\u00e2teau de Villandry comprennent \u00e9galement plusieurs autres jardins. Le jardin du soleil, cr\u00e9\u00e9 en 2008, le jardin d'eau est entour\u00e9 d'un clo\u00eetre de tilleuls et le jardin d'ornement des salons d'ornement aux hautes topiaires de buis. Par ailleurs, le jardin de simples revisite le concept de jardin monastique. Enfin le labyrinthe (le labyrinthe) pr\u00e9sente un jardin clos contenant des espaces plus intimes.<\/p>\n<p style=\"text-align: center;\"><strong>Le Ch\u00e2teau de Villandry, son parc et ses jardins sont class\u00e9s au patrimoine mondial de l'UNESCO.<\/strong><\/p>\n<\/div><\/section><\/div>\n<div class='flex_column av-3q1ys-4ef47c1ad85d7adc48b27916f93cd1fc av_one_third  avia-builder-el-10  el_after_av_one_full  el_before_av_one_third  first flex_column_div column-top-margin'     ><style type=\"text\/css\" data-created_by=\"avia_inline_auto\" id=\"style-css-av-3dabk-eba59cc32d3ef1ba4df62d46d751c44b\">\n.avia-image-container.av-3dabk-eba59cc32d3ef1ba4df62d46d751c44b img.avia_image{\nbox-shadow:none;\n}\n.avia-image-container.av-3dabk-eba59cc32d3ef1ba4df62d46d751c44b .av-image-caption-overlay-center{\ncolor:#ffffff;\n}\n<\/style>\n<div  class='avia-image-container av-3dabk-eba59cc32d3ef1ba4df62d46d751c44b av-styling- avia-align-center  avia-builder-el-11  avia-builder-el-no-sibling'   itemprop=\"image\" itemscope=\"itemscope\" itemtype=\"https:\/\/schema.org\/ImageObject\" ><div class=\"avia-image-container-inner\"><div class=\"avia-image-overlay-wrap\"><img decoding=\"async\" class='wp-image-305 avia-img-lazy-loading-not-305 avia_image' src=\"https:\/\/www.moulindemaulne.com\/wp-content\/uploads\/2022\/09\/chateau-de-villandry-detail01.jpg\" alt='le Ch\u00e2teau de Villandry' title='le Ch\u00e2teau de Villandry'  height=\"300\" width=\"400\"  itemprop=\"thumbnailUrl\" srcset=\"https:\/\/www.moulindemaulne.com\/wp-content\/uploads\/2022\/09\/chateau-de-villandry-detail01.jpg 400w, https:\/\/www.moulindemaulne.com\/wp-content\/uploads\/2022\/09\/chateau-de-villandry-detail01-300x225.jpg 300w, https:\/\/www.moulindemaulne.com\/wp-content\/uploads\/2022\/09\/chateau-de-villandry-detail01-16x12.jpg 16w\" sizes=\"(max-width: 400px) 100vw, 400px\" \/><\/div><\/div><\/div><\/div>\n<div class='flex_column av-2saaw-c8673d407906d03b3b1afbe89a01d387 av_one_third  avia-builder-el-12  el_after_av_one_third  el_before_av_one_third  flex_column_div column-top-margin'     ><style type=\"text\/css\" data-created_by=\"avia_inline_auto\" id=\"style-css-av-1yqkg-9ddf66847bf5a2c5d6a5c8915017bd2a\">\n.avia-image-container.av-1yqkg-9ddf66847bf5a2c5d6a5c8915017bd2a img.avia_image{\nbox-shadow:none;\n}\n.avia-image-container.av-1yqkg-9ddf66847bf5a2c5d6a5c8915017bd2a .av-image-caption-overlay-center{\ncolor:#ffffff;\n}\n<\/style>\n<div  class='avia-image-container av-1yqkg-9ddf66847bf5a2c5d6a5c8915017bd2a av-styling- avia-align-center  avia-builder-el-13  avia-builder-el-no-sibling'   itemprop=\"image\" itemscope=\"itemscope\" itemtype=\"https:\/\/schema.org\/ImageObject\" ><div class=\"avia-image-container-inner\"><div class=\"avia-image-overlay-wrap\"><img decoding=\"async\" class='wp-image-306 avia-img-lazy-loading-not-306 avia_image' src=\"https:\/\/www.moulindemaulne.com\/wp-content\/uploads\/2022\/09\/chateau-de-villandry-detail02.jpg\" alt='le Ch\u00e2teau de Villandry' title='le Ch\u00e2teau de Villandry'  height=\"300\" width=\"400\"  itemprop=\"thumbnailUrl\" srcset=\"https:\/\/www.moulindemaulne.com\/wp-content\/uploads\/2022\/09\/chateau-de-villandry-detail02.jpg 400w, https:\/\/www.moulindemaulne.com\/wp-content\/uploads\/2022\/09\/chateau-de-villandry-detail02-300x225.jpg 300w, https:\/\/www.moulindemaulne.com\/wp-content\/uploads\/2022\/09\/chateau-de-villandry-detail02-16x12.jpg 16w\" sizes=\"(max-width: 400px) 100vw, 400px\" \/><\/div><\/div><\/div><\/div>\n<div class='flex_column av-1fg78-f785f13bfcd56cdc713e683ac74668c5 av_one_third  avia-builder-el-14  el_after_av_one_third  avia-builder-el-last  flex_column_div column-top-margin'     ><style type=\"text\/css\" data-created_by=\"avia_inline_auto\" id=\"style-css-av-110u0-14e3b643b17a54c5bf437b1626dee168\">\n.avia-image-container.av-110u0-14e3b643b17a54c5bf437b1626dee168 img.avia_image{\nbox-shadow:none;\n}\n.avia-image-container.av-110u0-14e3b643b17a54c5bf437b1626dee168 .av-image-caption-overlay-center{\ncolor:#ffffff;\n}\n<\/style>\n<div  class='avia-image-container av-110u0-14e3b643b17a54c5bf437b1626dee168 av-styling- avia-align-center  avia-builder-el-15  avia-builder-el-no-sibling'   itemprop=\"image\" itemscope=\"itemscope\" itemtype=\"https:\/\/schema.org\/ImageObject\" ><div class=\"avia-image-container-inner\"><div class=\"avia-image-overlay-wrap\"><img decoding=\"async\" class='wp-image-307 avia-img-lazy-loading-not-307 avia_image' src=\"https:\/\/www.moulindemaulne.com\/wp-content\/uploads\/2022\/09\/chateau-de-villandry-detail03.jpg\" alt='le Ch\u00e2teau de Villandry' title='le Ch\u00e2teau de Villandry'  height=\"300\" width=\"400\"  itemprop=\"thumbnailUrl\" srcset=\"https:\/\/www.moulindemaulne.com\/wp-content\/uploads\/2022\/09\/chateau-de-villandry-detail03.jpg 400w, https:\/\/www.moulindemaulne.com\/wp-content\/uploads\/2022\/09\/chateau-de-villandry-detail03-300x225.jpg 300w, https:\/\/www.moulindemaulne.com\/wp-content\/uploads\/2022\/09\/chateau-de-villandry-detail03-16x12.jpg 16w\" sizes=\"(max-width: 400px) 100vw, 400px\" \/><\/div><\/div><\/div><\/div>","protected":false},"excerpt":{"rendered":"","protected":false},"author":1,"featured_media":0,"parent":29,"menu_order":1,"comment_status":"closed","ping_status":"closed","template":"","meta":{"footnotes":""},"class_list":["post-52","page","type-page","status-publish","hentry"],"_links":{"self":[{"href":"https:\/\/www.moulindemaulne.com\/fr\/wp-json\/wp\/v2\/pages\/52","targetHints":{"allow":["GET"]}}],"collection":[{"href":"https:\/\/www.moulindemaulne.com\/fr\/wp-json\/wp\/v2\/pages"}],"about":[{"href":"https:\/\/www.moulindemaulne.com\/fr\/wp-json\/wp\/v2\/types\/page"}],"author":[{"embeddable":true,"href":"https:\/\/www.moulindemaulne.com\/fr\/wp-json\/wp\/v2\/users\/1"}],"replies":[{"embeddable":true,"href":"https:\/\/www.moulindemaulne.com\/fr\/wp-json\/wp\/v2\/comments?post=52"}],"version-history":[{"count":7,"href":"https:\/\/www.moulindemaulne.com\/fr\/wp-json\/wp\/v2\/pages\/52\/revisions"}],"predecessor-version":[{"id":383,"href":"https:\/\/www.moulindemaulne.com\/fr\/wp-json\/wp\/v2\/pages\/52\/revisions\/383"}],"up":[{"embeddable":true,"href":"https:\/\/www.moulindemaulne.com\/fr\/wp-json\/wp\/v2\/pages\/29"}],"wp:attachment":[{"href":"https:\/\/www.moulindemaulne.com\/fr\/wp-json\/wp\/v2\/media?parent=52"}],"curies":[{"name":"wp","href":"https:\/\/api.w.org\/{rel}","templated":true}]}}