{"id":58,"date":"2022-09-08T13:03:05","date_gmt":"2022-09-08T12:03:05","guid":{"rendered":"http:\/\/www.moulindemaulne.com\/?page_id=58"},"modified":"2022-09-24T15:47:57","modified_gmt":"2022-09-24T14:47:57","slug":"chateau-du-rivau","status":"publish","type":"page","link":"https:\/\/www.moulindemaulne.com\/fr\/the-chateaux-of-the-loire\/chateau-du-rivau\/","title":{"rendered":"Le Ch\u00e2teau du Rivau"},"content":{"rendered":"<div id='layer_slider_1'  class='avia-layerslider main_color avia-shadow  avia-builder-el-0  el_before_av_one_third  avia-builder-el-first  container_wrap sidebar_left'  style='height: 301px; max-width: 1180px; margin: 0 auto;'  ><\/div><div id='after_layer_slider_1'  class='main_color av_default_container_wrap container_wrap sidebar_left'  ><div class='container av-section-cont-open' ><div class='template-page content  av-content-small units'><div class='post-entry post-entry-type-page post-entry-58'><div class='entry-content-wrapper clearfix'>\n<div class='flex_column av-raj2-6aa130794d0d50d56ce048d11a80c553 av_one_third  avia-builder-el-1  el_after_av_layerslider  el_before_av_two_third  avia-builder-el-first  first flex_column_div'     ><p>\n<style type=\"text\/css\" data-created_by=\"avia_inline_auto\" id=\"style-css-av-6zdnq-8b482900336035ddd0452b34a2ce9a55\">\n#top .hr.hr-invisible.av-6zdnq-8b482900336035ddd0452b34a2ce9a55{\nheight:5px;\n}\n<\/style>\n<div  class='hr av-6zdnq-8b482900336035ddd0452b34a2ce9a55 hr-invisible  avia-builder-el-2  el_before_av_image  avia-builder-el-first'><span class='hr-inner'><span class=\"hr-inner-style\"><\/span><\/span><\/div><br \/>\n\n<style type=\"text\/css\" data-created_by=\"avia_inline_auto\" id=\"style-css-av-657mi-f26e9d71d24580e1fe402d917ae778c5\">\n.avia-image-container.av-657mi-f26e9d71d24580e1fe402d917ae778c5 img.avia_image{\nbox-shadow:none;\n}\n.avia-image-container.av-657mi-f26e9d71d24580e1fe402d917ae778c5 .av-image-caption-overlay-center{\ncolor:#ffffff;\n}\n<\/style>\n<div  class='avia-image-container av-657mi-f26e9d71d24580e1fe402d917ae778c5 av-styling- avia-align-center  avia-builder-el-3  el_after_av_hr  avia-builder-el-last'   itemprop=\"image\" itemscope=\"itemscope\" itemtype=\"https:\/\/schema.org\/ImageObject\" ><div class=\"avia-image-container-inner\"><div class=\"avia-image-overlay-wrap\"><img decoding=\"async\" class='wp-image-321 avia-img-lazy-loading-not-321 avia_image' src=\"https:\/\/www.moulindemaulne.com\/wp-content\/uploads\/2022\/09\/rivau-side.jpg\" alt='Ch\u00e2teau du Rivau' title='Ch\u00e2teau du Rivau'  height=\"500\" width=\"300\"  itemprop=\"thumbnailUrl\" srcset=\"https:\/\/www.moulindemaulne.com\/wp-content\/uploads\/2022\/09\/rivau-side.jpg 300w, https:\/\/www.moulindemaulne.com\/wp-content\/uploads\/2022\/09\/rivau-side-180x300.jpg 180w, https:\/\/www.moulindemaulne.com\/wp-content\/uploads\/2022\/09\/rivau-side-7x12.jpg 7w\" sizes=\"(max-width: 300px) 100vw, 300px\" \/><\/div><\/div><\/div><\/p><\/div>\n<div class='flex_column av-5ql06-16892188df7607dbd149bbd021351e4e av_two_third  avia-builder-el-4  el_after_av_one_third  el_before_av_hr  flex_column_div'     ><p>\n<style type=\"text\/css\" data-created_by=\"avia_inline_auto\" id=\"style-css-av-l7t010sp-770a1f68485ccdc27dda3020399aea56\">\n#top .av-special-heading.av-l7t010sp-770a1f68485ccdc27dda3020399aea56{\npadding-bottom:10px;\n}\nbody .av-special-heading.av-l7t010sp-770a1f68485ccdc27dda3020399aea56 .av-special-heading-tag .heading-char{\nfont-size:25px;\n}\n.av-special-heading.av-l7t010sp-770a1f68485ccdc27dda3020399aea56 .av-subheading{\nfont-size:15px;\n}\n<\/style>\n<div  class='av-special-heading av-l7t010sp-770a1f68485ccdc27dda3020399aea56 av-special-heading-h2 blockquote modern-quote  avia-builder-el-5  el_before_av_textblock  avia-builder-el-first'><h2 class='av-special-heading-tag'  itemprop=\"headline\"  >Le Ch\u00e2teau du Rivau<\/h2><div class=\"special-heading-border\"><div class=\"special-heading-inner-border\"><\/div><\/div><\/div><br \/>\n<section  class='av_textblock_section av-l7t01ly7-b2eff725832f478dd4c8c42f418e733b'  itemscope=\"itemscope\" itemtype=\"https:\/\/schema.org\/CreativeWork\" ><div class='avia_textblock'  itemprop=\"text\" ><section class=\"av_textblock_section av-66u0b-435b38ac6e82cdc290e82f7fbefcc51f\">\n<div class=\"avia_textblock\">\n<p>Le Ch\u00e2teau du Rivau est un exemple fantastique d'un ch\u00e2teau fran\u00e7ais fortifi\u00e9. C'est gr\u00e2ce \u00e0 son imposant donjon, son plan carr\u00e9 de style XIIIe si\u00e8cle, son pont-levis protecteur, ses douves et ses magnifiques jardins.<\/p>\n<p>Le Ch\u00e2teau du Rivau a \u00e9t\u00e9 construit au milieu du XVe si\u00e8cle pour la famille Beauvau, une ancienne famille aristocratique d'Anjou \u00e9troitement li\u00e9e \u00e0 la royaut\u00e9 fran\u00e7aise de l'\u00e9poque. Les Beauvau \u00e9taient une famille guerri\u00e8re et leur ch\u00e2teau \u00e9tait dot\u00e9 de magnifiques \u00e9curies o\u00f9 \u00e9taient \u00e9lev\u00e9s des chevaux de guerre. Une histoire raconte que Jeanne d'Arc est venue par ici pour rassembler des chevaux lors de sa c\u00e9l\u00e8bre campagne de la Loire en 1429. Mais elle n'aurait pas vu les b\u00e2timents raffin\u00e9s du XVIe si\u00e8cle qui se dressent aujourd'hui. Seuls les b\u00e2timents class\u00e9s \u00e9curies que Fran\u00e7ois de Beauvau fit construire en 1510 et qui approvisionnaient les \u00e9talons royaux.<\/p>\n<p>Au XIXe si\u00e8cle, Le Riveau devient un hangar \u00e0 grains et entre dans un long sommeil en tant que propri\u00e9t\u00e9 priv\u00e9e. Le sauvetage du Riveau a d\u00e9but\u00e9 en 1993. La restauration a \u00e9t\u00e9 r\u00e9compens\u00e9e par le Grand Prix des Amis Am\u00e9ricains du Patrimoine Fran\u00e7ais et le Grand Prix Demure Historique.<\/p>\n<\/div>\n<\/section>\n<\/div><\/section><\/p><\/div>\n\n<style type=\"text\/css\" data-created_by=\"avia_inline_auto\" id=\"style-css-av-533k2-261deb63dc3bd08d17aadfab3ab91718\">\n#top .hr.av-533k2-261deb63dc3bd08d17aadfab3ab91718{\nmargin-top:30px;\nmargin-bottom:30px;\n}\n.hr.av-533k2-261deb63dc3bd08d17aadfab3ab91718 .hr-inner{\nwidth:400px;\nborder-color:#647231;\nmax-width:45%;\n}\n.hr.av-533k2-261deb63dc3bd08d17aadfab3ab91718 .av-seperator-icon{\ncolor:#647231;\n}\n<\/style>\n<div  class='hr av-533k2-261deb63dc3bd08d17aadfab3ab91718 hr-custom  avia-builder-el-7  el_after_av_two_third  el_before_av_one_full  hr-center hr-icon-yes'><span class='hr-inner inner-border-av-border-thin'><span class=\"hr-inner-style\"><\/span><\/span><span class='av-seperator-icon' aria-hidden='true' data-av_icon='\ue828' data-av_iconfont='entypo-fontello'><\/span><span class='hr-inner inner-border-av-border-thin'><span class=\"hr-inner-style\"><\/span><\/span><\/div>\n<div class='flex_column av-4opnm-76e391cb1cdbffecf62afaeb7b874652 av_one_full  avia-builder-el-8  el_after_av_hr  el_before_av_one_third  first flex_column_div'     ><section  class='av_textblock_section av-l7t02vyp-81d12fc8cd09481c1772270477a12f7a'  itemscope=\"itemscope\" itemtype=\"https:\/\/schema.org\/CreativeWork\" ><div class='avia_textblock'  itemprop=\"text\" ><h3>Le Ch\u00e2teau du Rivau et ses jardins de conte de f\u00e9es.<\/h3>\n<p>Les jardins du Riveau ont \u00e9t\u00e9 cr\u00e9\u00e9s \u00e0 partir des archives du ch\u00e2teau. Les jardins rappellent les gravures du Moyen \u00c2ge et les contes de f\u00e9es. Le minist\u00e8re fran\u00e7ais de la culture a class\u00e9 Le Riveau \"Jardin Remarquable\". Il est \u00e9galement class\u00e9 \u00ab Conservatoire fran\u00e7ais des roses \u00e0 parfum \u00bb. Il abrite quelque 450 esp\u00e8ces de roses parfum\u00e9es r\u00e9pertori\u00e9es par le Conservatoire fran\u00e7ais des collections de vari\u00e9t\u00e9s sp\u00e9cialis\u00e9es et le Conservatoire des l\u00e9gumes anciens r\u00e9gionaux.<\/p>\n<p>Cr\u00e9\u00e9s par Patricia Laigneau (Ecole du Paysage de Versailles) pendant plus de 20 ans, les jardins du Rivau sont des jardins contemporains qui \u00e9voluent au fil des saisons. Chacun \u00e9voque un conte de f\u00e9es et chacun d'eux s'inspire d'une l\u00e9gende m\u00e9di\u00e9vale. Les 14 jardins du Rivau surprennent le visiteur et lui font d\u00e9couvrir des associations uniques avec les plantes.<\/p>\n<\/div><\/section><\/div>\n<div class='flex_column av-40cq6-d62d7027c0e6a6045726ce3170384b7e av_one_third  avia-builder-el-10  el_after_av_one_full  el_before_av_one_third  first flex_column_div column-top-margin'     ><style type=\"text\/css\" data-created_by=\"avia_inline_auto\" id=\"style-css-av-3bvxu-1b4f422438ef1d0750bdbcda83e930a0\">\n.avia-image-container.av-3bvxu-1b4f422438ef1d0750bdbcda83e930a0 img.avia_image{\nbox-shadow:none;\n}\n.avia-image-container.av-3bvxu-1b4f422438ef1d0750bdbcda83e930a0 .av-image-caption-overlay-center{\ncolor:#ffffff;\n}\n<\/style>\n<div  class='avia-image-container av-3bvxu-1b4f422438ef1d0750bdbcda83e930a0 av-styling- avia-align-center  avia-builder-el-11  avia-builder-el-no-sibling'   itemprop=\"image\" itemscope=\"itemscope\" itemtype=\"https:\/\/schema.org\/ImageObject\" ><div class=\"avia-image-container-inner\"><div class=\"avia-image-overlay-wrap\"><img decoding=\"async\" class='wp-image-318 avia-img-lazy-loading-not-318 avia_image' src=\"https:\/\/www.moulindemaulne.com\/wp-content\/uploads\/2022\/09\/chateau-du-rivau-detail01.jpg\" alt='Ch\u00e2teau du Rivau' title='Ch\u00e2teau du Rivau'  height=\"300\" width=\"400\"  itemprop=\"thumbnailUrl\" srcset=\"https:\/\/www.moulindemaulne.com\/wp-content\/uploads\/2022\/09\/chateau-du-rivau-detail01.jpg 400w, https:\/\/www.moulindemaulne.com\/wp-content\/uploads\/2022\/09\/chateau-du-rivau-detail01-300x225.jpg 300w, https:\/\/www.moulindemaulne.com\/wp-content\/uploads\/2022\/09\/chateau-du-rivau-detail01-16x12.jpg 16w\" sizes=\"(max-width: 400px) 100vw, 400px\" \/><\/div><\/div><\/div><\/div>\n<div class='flex_column av-2z5di-ecda9a36f7e36b6ad4080f46d8c5505f av_one_third  avia-builder-el-12  el_after_av_one_third  el_before_av_one_third  flex_column_div column-top-margin'     ><style type=\"text\/css\" data-created_by=\"avia_inline_auto\" id=\"style-css-av-2bhty-93ebfbd9c83f79a34cd01f7ef2231e7e\">\n.avia-image-container.av-2bhty-93ebfbd9c83f79a34cd01f7ef2231e7e img.avia_image{\nbox-shadow:none;\n}\n.avia-image-container.av-2bhty-93ebfbd9c83f79a34cd01f7ef2231e7e .av-image-caption-overlay-center{\ncolor:#ffffff;\n}\n<\/style>\n<div  class='avia-image-container av-2bhty-93ebfbd9c83f79a34cd01f7ef2231e7e av-styling- avia-align-center  avia-builder-el-13  avia-builder-el-no-sibling'   itemprop=\"image\" itemscope=\"itemscope\" itemtype=\"https:\/\/schema.org\/ImageObject\" ><div class=\"avia-image-container-inner\"><div class=\"avia-image-overlay-wrap\"><img decoding=\"async\" class='wp-image-319 avia-img-lazy-loading-not-319 avia_image' src=\"https:\/\/www.moulindemaulne.com\/wp-content\/uploads\/2022\/09\/chateau-du-rivau-detail02.jpg\" alt='Ch\u00e2teau du Rivau' title='Ch\u00e2teau du Rivau'  height=\"300\" width=\"400\"  itemprop=\"thumbnailUrl\" srcset=\"https:\/\/www.moulindemaulne.com\/wp-content\/uploads\/2022\/09\/chateau-du-rivau-detail02.jpg 400w, https:\/\/www.moulindemaulne.com\/wp-content\/uploads\/2022\/09\/chateau-du-rivau-detail02-300x225.jpg 300w, https:\/\/www.moulindemaulne.com\/wp-content\/uploads\/2022\/09\/chateau-du-rivau-detail02-16x12.jpg 16w\" sizes=\"(max-width: 400px) 100vw, 400px\" \/><\/div><\/div><\/div><\/div>\n<div class='flex_column av-1pkei-a677dc7253a11833287dfd0e1bbd2f72 av_one_third  avia-builder-el-14  el_after_av_one_third  avia-builder-el-last  flex_column_div column-top-margin'     ><style type=\"text\/css\" data-created_by=\"avia_inline_auto\" id=\"style-css-av-15y8a-f82aacd4ef969ff7854ac92f23372693\">\n.avia-image-container.av-15y8a-f82aacd4ef969ff7854ac92f23372693 img.avia_image{\nbox-shadow:none;\n}\n.avia-image-container.av-15y8a-f82aacd4ef969ff7854ac92f23372693 .av-image-caption-overlay-center{\ncolor:#ffffff;\n}\n<\/style>\n<div  class='avia-image-container av-15y8a-f82aacd4ef969ff7854ac92f23372693 av-styling- avia-align-center  avia-builder-el-15  avia-builder-el-no-sibling'   itemprop=\"image\" itemscope=\"itemscope\" itemtype=\"https:\/\/schema.org\/ImageObject\" ><div class=\"avia-image-container-inner\"><div class=\"avia-image-overlay-wrap\"><img decoding=\"async\" class='wp-image-320 avia-img-lazy-loading-not-320 avia_image' src=\"https:\/\/www.moulindemaulne.com\/wp-content\/uploads\/2022\/09\/chateau-du-rivau-detail03.jpg\" alt='Ch\u00e2teau du Rivau' title='Ch\u00e2teau du Rivau'  height=\"300\" width=\"400\"  itemprop=\"thumbnailUrl\" srcset=\"https:\/\/www.moulindemaulne.com\/wp-content\/uploads\/2022\/09\/chateau-du-rivau-detail03.jpg 400w, https:\/\/www.moulindemaulne.com\/wp-content\/uploads\/2022\/09\/chateau-du-rivau-detail03-300x225.jpg 300w, https:\/\/www.moulindemaulne.com\/wp-content\/uploads\/2022\/09\/chateau-du-rivau-detail03-16x12.jpg 16w\" sizes=\"(max-width: 400px) 100vw, 400px\" \/><\/div><\/div><\/div><\/div>","protected":false},"excerpt":{"rendered":"","protected":false},"author":1,"featured_media":0,"parent":29,"menu_order":3,"comment_status":"closed","ping_status":"closed","template":"","meta":{"footnotes":""},"class_list":["post-58","page","type-page","status-publish","hentry"],"_links":{"self":[{"href":"https:\/\/www.moulindemaulne.com\/fr\/wp-json\/wp\/v2\/pages\/58","targetHints":{"allow":["GET"]}}],"collection":[{"href":"https:\/\/www.moulindemaulne.com\/fr\/wp-json\/wp\/v2\/pages"}],"about":[{"href":"https:\/\/www.moulindemaulne.com\/fr\/wp-json\/wp\/v2\/types\/page"}],"author":[{"embeddable":true,"href":"https:\/\/www.moulindemaulne.com\/fr\/wp-json\/wp\/v2\/users\/1"}],"replies":[{"embeddable":true,"href":"https:\/\/www.moulindemaulne.com\/fr\/wp-json\/wp\/v2\/comments?post=58"}],"version-history":[{"count":6,"href":"https:\/\/www.moulindemaulne.com\/fr\/wp-json\/wp\/v2\/pages\/58\/revisions"}],"predecessor-version":[{"id":377,"href":"https:\/\/www.moulindemaulne.com\/fr\/wp-json\/wp\/v2\/pages\/58\/revisions\/377"}],"up":[{"embeddable":true,"href":"https:\/\/www.moulindemaulne.com\/fr\/wp-json\/wp\/v2\/pages\/29"}],"wp:attachment":[{"href":"https:\/\/www.moulindemaulne.com\/fr\/wp-json\/wp\/v2\/media?parent=58"}],"curies":[{"name":"wp","href":"https:\/\/api.w.org\/{rel}","templated":true}]}}