{"id":65,"date":"2022-09-08T13:12:47","date_gmt":"2022-09-08T12:12:47","guid":{"rendered":"http:\/\/www.moulindemaulne.com\/?page_id=65"},"modified":"2022-09-24T14:58:11","modified_gmt":"2022-09-24T13:58:11","slug":"chateau-damboise","status":"publish","type":"page","link":"https:\/\/www.moulindemaulne.com\/fr\/the-chateaux-of-the-loire\/chateau-damboise\/","title":{"rendered":"Chateau d&#8217;Amboise"},"content":{"rendered":"<div id='layer_slider_1'  class='avia-layerslider main_color avia-shadow  avia-builder-el-0  el_before_av_one_third  avia-builder-el-first  container_wrap sidebar_left'  style='height: 301px; max-width: 1180px; margin: 0 auto;'  ><\/div><div id='after_layer_slider_1'  class='main_color av_default_container_wrap container_wrap sidebar_left'  ><div class='container av-section-cont-open' ><div class='template-page content  av-content-small units'><div class='post-entry post-entry-type-page post-entry-65'><div class='entry-content-wrapper clearfix'>\n<div class='flex_column av-79j0p-12984fcec3fbfe480d8ac43329eeae69 av_one_third  avia-builder-el-1  el_after_av_layerslider  el_before_av_two_third  avia-builder-el-first  first flex_column_div'     ><p>\n<style type=\"text\/css\" data-created_by=\"avia_inline_auto\" id=\"style-css-av-6to15-de4cb93fa2bc0f839431129f6f4ca995\">\n#top .hr.hr-invisible.av-6to15-de4cb93fa2bc0f839431129f6f4ca995{\nheight:5px;\n}\n<\/style>\n<div  class='hr av-6to15-de4cb93fa2bc0f839431129f6f4ca995 hr-invisible  avia-builder-el-2  el_before_av_image  avia-builder-el-first'><span class='hr-inner'><span class=\"hr-inner-style\"><\/span><\/span><\/div><br \/>\n\n<style type=\"text\/css\" data-created_by=\"avia_inline_auto\" id=\"style-css-av-69wrl-3adceb78bb9e48faa0024dd961ade802\">\n.avia-image-container.av-69wrl-3adceb78bb9e48faa0024dd961ade802 img.avia_image{\nbox-shadow:none;\n}\n.avia-image-container.av-69wrl-3adceb78bb9e48faa0024dd961ade802 .av-image-caption-overlay-center{\ncolor:#ffffff;\n}\n<\/style>\n<div  class='avia-image-container av-69wrl-3adceb78bb9e48faa0024dd961ade802 av-styling- avia-align-center  avia-builder-el-3  el_after_av_hr  avia-builder-el-last'   itemprop=\"image\" itemscope=\"itemscope\" itemtype=\"https:\/\/schema.org\/ImageObject\" ><div class=\"avia-image-container-inner\"><div class=\"avia-image-overlay-wrap\"><img decoding=\"async\" class='wp-image-338 avia-img-lazy-loading-not-338 avia_image' src=\"https:\/\/www.moulindemaulne.com\/wp-content\/uploads\/2022\/09\/ambiose-side.jpg\" alt='Ch\u00e2teaux d&#039;Amboise' title='Ch\u00e2teaux d&#039;Amboise'  height=\"500\" width=\"300\"  itemprop=\"thumbnailUrl\" srcset=\"https:\/\/www.moulindemaulne.com\/wp-content\/uploads\/2022\/09\/ambiose-side.jpg 300w, https:\/\/www.moulindemaulne.com\/wp-content\/uploads\/2022\/09\/ambiose-side-180x300.jpg 180w, https:\/\/www.moulindemaulne.com\/wp-content\/uploads\/2022\/09\/ambiose-side-7x12.jpg 7w\" sizes=\"(max-width: 300px) 100vw, 300px\" \/><\/div><\/div><\/div><\/p><\/div>\n<div class='flex_column av-5vz2h-a9f4c9a8497d527f9387e914c2e9604e av_two_third  avia-builder-el-4  el_after_av_one_third  el_before_av_hr  flex_column_div'     ><p>\n<style type=\"text\/css\" data-created_by=\"avia_inline_auto\" id=\"style-css-av-l7t0cxm2-b0fe361190f846a8c83d270ce8227038\">\n#top .av-special-heading.av-l7t0cxm2-b0fe361190f846a8c83d270ce8227038{\npadding-bottom:10px;\n}\nbody .av-special-heading.av-l7t0cxm2-b0fe361190f846a8c83d270ce8227038 .av-special-heading-tag .heading-char{\nfont-size:25px;\n}\n.av-special-heading.av-l7t0cxm2-b0fe361190f846a8c83d270ce8227038 .av-subheading{\nfont-size:15px;\n}\n<\/style>\n<div  class='av-special-heading av-l7t0cxm2-b0fe361190f846a8c83d270ce8227038 av-special-heading-h2 blockquote modern-quote  avia-builder-el-5  el_before_av_textblock  avia-builder-el-first'><h2 class='av-special-heading-tag'  itemprop=\"headline\"  >Ch\u00e2teau d'Amboise<\/h2><div class=\"special-heading-border\"><div class=\"special-heading-inner-border\"><\/div><\/div><\/div><br \/>\n<section  class='av_textblock_section av-l7t0e46n-04054bd2c7a399d6e106ff0e189c39eb'  itemscope=\"itemscope\" itemtype=\"https:\/\/schema.org\/CreativeWork\" ><div class='avia_textblock'  itemprop=\"text\" ><section class=\"av_textblock_section av-66u0b-435b38ac6e82cdc290e82f7fbefcc51f\">\n<div class=\"avia_textblock\">\n<p>Le ch\u00e2teau d'Amboise a \u00e9t\u00e9 construit sur un plateau au-dessus de la Loire. Les qualit\u00e9s strat\u00e9giques du site furent reconnues avant la construction m\u00e9di\u00e9vale du ch\u00e2teau, et un oppidum gaulois y fut \u00e9difi\u00e9. \u00c0 la fin du IXe si\u00e8cle, Ingelgarius fut nomm\u00e9 vicomte d'Orl\u00e9ans et, par sa m\u00e8re, \u00e9tait li\u00e9 \u00e0 Hugues l'abb\u00e9, tuteur des rois de France.<\/p>\n<p>Ingelgarius a \u00e9pous\u00e9 Adelais, membre d'une famille \u00e9minente qui contr\u00f4lait le ch\u00e2teau d'Amboise. Son mariage fut arrang\u00e9 par les oncles d'Ad\u00e9lais : Ad\u00e9lard, archev\u00eaque de Tours, et Raino, \u00e9v\u00eaque d'Angers, afin qu'Ingelgarious (Ingelger) dit a miles optimus, grand militaire, puisse assurer la protection d'Amboise contre les invasions normandes. Ingelgarius leva les d\u00e9fenses de la ville.<\/p>\n<p>Au d\u00e9but du Xe si\u00e8cle, le ch\u00e2teau d'Amboise \u00e9tait le site le plus prot\u00e9g\u00e9 de tout l'ouest de la France.<\/p>\n<p>Ingelgarius et Adelais d'Amboise \u00e9taient les parents de Fulk le Rouge, le premier comte h\u00e9r\u00e9ditaire d'Anjou. Le c\u00e9l\u00e8bre Foulque III Nerra ainsi que Geoffroy d'Anjou, fondateur de la dynastie anglaise des Plantagen\u00eats, \u00e9taient tous deux leurs descendants directs.<\/p>\n<\/div>\n<\/section>\n<\/div><\/section><\/p><\/div>\n\n<style type=\"text\/css\" data-created_by=\"avia_inline_auto\" id=\"style-css-av-50j79-b5396405336c81a17ade3191ee034fe4\">\n#top .hr.av-50j79-b5396405336c81a17ade3191ee034fe4{\nmargin-top:30px;\nmargin-bottom:30px;\n}\n.hr.av-50j79-b5396405336c81a17ade3191ee034fe4 .hr-inner{\nwidth:400px;\nborder-color:#647231;\nmax-width:45%;\n}\n.hr.av-50j79-b5396405336c81a17ade3191ee034fe4 .av-seperator-icon{\ncolor:#647231;\n}\n<\/style>\n<div  class='hr av-50j79-b5396405336c81a17ade3191ee034fe4 hr-custom  avia-builder-el-7  el_after_av_two_third  el_before_av_one_full  hr-center hr-icon-yes'><span class='hr-inner inner-border-av-border-thin'><span class=\"hr-inner-style\"><\/span><\/span><span class='av-seperator-icon' aria-hidden='true' data-av_icon='\ue828' data-av_iconfont='entypo-fontello'><\/span><span class='hr-inner inner-border-av-border-thin'><span class=\"hr-inner-style\"><\/span><\/span><\/div>\n<div class='flex_column av-4iahl-7b3ae6233708922dccc0dce34dcae382 av_one_full  avia-builder-el-8  el_after_av_hr  el_before_av_one_third  first flex_column_div'     ><section  class='av_textblock_section av-l7t0fbpc-3187484d8cffa19f49b732b164abfc6a'  itemscope=\"itemscope\" itemtype=\"https:\/\/schema.org\/CreativeWork\" ><div class='avia_textblock'  itemprop=\"text\" ><h3>Le Ch\u00e2teau Royal d'Amboise et son Jardin.<\/h3>\n<p>Parmi les personnes que Charles a amen\u00e9es d'Italie se trouvait Pacello da Mercogliano qui a con\u00e7u les jardins du ch\u00e2teau d'Amboise et de Blois; son travail a \u00e9t\u00e9 tr\u00e8s influent parmi les paysagistes fran\u00e7ais. Charles mourut au ch\u00e2teau d'Amboise en 1498 apr\u00e8s s'\u00eatre cogn\u00e9 la t\u00eate contre le linteau d'une porte. Avant sa mort, il fit \u00e9largir la terrasse sup\u00e9rieure pour contenir un parterre plus grand qui \u00e9tait entour\u00e9 de treillis et de pavillons; son successeur, Louis XII, fait construire autour de la terrasse une galerie visible sur la gravure de 1576 de Jacques Androuet du Cerceau, dans Les plus excellens bastimens de France. Les parterres ont \u00e9t\u00e9 recr\u00e9\u00e9s au XXe si\u00e8cle sous la forme de rectangles de pelouses sertis de gravier et de topiaires formels.<\/p>\n<\/div><\/section><\/div>\n<div class='flex_column av-401e1-fe25a31c2e65085242d5d4cfaa5fac61 av_one_third  avia-builder-el-10  el_after_av_one_full  el_before_av_one_third  first flex_column_div column-top-margin'     ><style type=\"text\/css\" data-created_by=\"avia_inline_auto\" id=\"style-css-av-3933h-b88d5d318940c4915c9ede78caf72a9c\">\n.avia-image-container.av-3933h-b88d5d318940c4915c9ede78caf72a9c img.avia_image{\nbox-shadow:none;\n}\n.avia-image-container.av-3933h-b88d5d318940c4915c9ede78caf72a9c .av-image-caption-overlay-center{\ncolor:#ffffff;\n}\n<\/style>\n<div  class='avia-image-container av-3933h-b88d5d318940c4915c9ede78caf72a9c av-styling- avia-align-center  avia-builder-el-11  avia-builder-el-no-sibling'   itemprop=\"image\" itemscope=\"itemscope\" itemtype=\"https:\/\/schema.org\/ImageObject\" ><div class=\"avia-image-container-inner\"><div class=\"avia-image-overlay-wrap\"><img decoding=\"async\" class='wp-image-339 avia-img-lazy-loading-not-339 avia_image' src=\"https:\/\/www.moulindemaulne.com\/wp-content\/uploads\/2022\/09\/damboise1of3.jpg\" alt='Ch\u00e2teaux d&#039;Amboise' title='Ch\u00e2teaux d&#039;Amboise'  height=\"300\" width=\"400\"  itemprop=\"thumbnailUrl\" srcset=\"https:\/\/www.moulindemaulne.com\/wp-content\/uploads\/2022\/09\/damboise1of3.jpg 400w, https:\/\/www.moulindemaulne.com\/wp-content\/uploads\/2022\/09\/damboise1of3-300x225.jpg 300w, https:\/\/www.moulindemaulne.com\/wp-content\/uploads\/2022\/09\/damboise1of3-16x12.jpg 16w\" sizes=\"(max-width: 400px) 100vw, 400px\" \/><\/div><\/div><\/div><\/div>\n<div class='flex_column av-2pwct-c853c50338d6a31cd2354e7357fac79b av_one_third  avia-builder-el-12  el_after_av_one_third  el_before_av_one_third  flex_column_div column-top-margin'     ><style type=\"text\/css\" data-created_by=\"avia_inline_auto\" id=\"style-css-av-1ztgt-7aece95b05673459c80bb7c72af1590b\">\n.avia-image-container.av-1ztgt-7aece95b05673459c80bb7c72af1590b img.avia_image{\nbox-shadow:none;\n}\n.avia-image-container.av-1ztgt-7aece95b05673459c80bb7c72af1590b .av-image-caption-overlay-center{\ncolor:#ffffff;\n}\n<\/style>\n<div  class='avia-image-container av-1ztgt-7aece95b05673459c80bb7c72af1590b av-styling- avia-align-center  avia-builder-el-13  avia-builder-el-no-sibling'   itemprop=\"image\" itemscope=\"itemscope\" itemtype=\"https:\/\/schema.org\/ImageObject\" ><div class=\"avia-image-container-inner\"><div class=\"avia-image-overlay-wrap\"><img decoding=\"async\" class='wp-image-340 avia-img-lazy-loading-not-340 avia_image' src=\"https:\/\/www.moulindemaulne.com\/wp-content\/uploads\/2022\/09\/damboise2of3.jpg\" alt='Ch\u00e2teaux d&#039;Amboise' title='Ch\u00e2teaux d&#039;Amboise'  height=\"300\" width=\"400\"  itemprop=\"thumbnailUrl\" srcset=\"https:\/\/www.moulindemaulne.com\/wp-content\/uploads\/2022\/09\/damboise2of3.jpg 400w, https:\/\/www.moulindemaulne.com\/wp-content\/uploads\/2022\/09\/damboise2of3-300x225.jpg 300w, https:\/\/www.moulindemaulne.com\/wp-content\/uploads\/2022\/09\/damboise2of3-16x12.jpg 16w\" sizes=\"(max-width: 400px) 100vw, 400px\" \/><\/div><\/div><\/div><\/div>\n<div class='flex_column av-1cxjp-cf5a9c3835d65f5432642e8a2a2937ed av_one_third  avia-builder-el-14  el_after_av_one_third  avia-builder-el-last  flex_column_div column-top-margin'     ><style type=\"text\/css\" data-created_by=\"avia_inline_auto\" id=\"style-css-av-15qfx-5f2d8ad7df391823a6b8289b01013ee5\">\n.avia-image-container.av-15qfx-5f2d8ad7df391823a6b8289b01013ee5 img.avia_image{\nbox-shadow:none;\n}\n.avia-image-container.av-15qfx-5f2d8ad7df391823a6b8289b01013ee5 .av-image-caption-overlay-center{\ncolor:#ffffff;\n}\n<\/style>\n<div  class='avia-image-container av-15qfx-5f2d8ad7df391823a6b8289b01013ee5 av-styling- avia-align-center  avia-builder-el-15  avia-builder-el-no-sibling'   itemprop=\"image\" itemscope=\"itemscope\" itemtype=\"https:\/\/schema.org\/ImageObject\" ><div class=\"avia-image-container-inner\"><div class=\"avia-image-overlay-wrap\"><img decoding=\"async\" class='wp-image-341 avia-img-lazy-loading-not-341 avia_image' src=\"https:\/\/www.moulindemaulne.com\/wp-content\/uploads\/2022\/09\/damboise3of3.jpg\" alt='Ch\u00e2teaux d&#039;Amboise' title='Ch\u00e2teaux d&#039;Amboise'  height=\"300\" width=\"400\"  itemprop=\"thumbnailUrl\" srcset=\"https:\/\/www.moulindemaulne.com\/wp-content\/uploads\/2022\/09\/damboise3of3.jpg 400w, https:\/\/www.moulindemaulne.com\/wp-content\/uploads\/2022\/09\/damboise3of3-300x225.jpg 300w, https:\/\/www.moulindemaulne.com\/wp-content\/uploads\/2022\/09\/damboise3of3-16x12.jpg 16w\" sizes=\"(max-width: 400px) 100vw, 400px\" \/><\/div><\/div><\/div><\/div>","protected":false},"excerpt":{"rendered":"","protected":false},"author":1,"featured_media":0,"parent":29,"menu_order":6,"comment_status":"closed","ping_status":"closed","template":"","meta":{"footnotes":""},"class_list":["post-65","page","type-page","status-publish","hentry"],"_links":{"self":[{"href":"https:\/\/www.moulindemaulne.com\/fr\/wp-json\/wp\/v2\/pages\/65","targetHints":{"allow":["GET"]}}],"collection":[{"href":"https:\/\/www.moulindemaulne.com\/fr\/wp-json\/wp\/v2\/pages"}],"about":[{"href":"https:\/\/www.moulindemaulne.com\/fr\/wp-json\/wp\/v2\/types\/page"}],"author":[{"embeddable":true,"href":"https:\/\/www.moulindemaulne.com\/fr\/wp-json\/wp\/v2\/users\/1"}],"replies":[{"embeddable":true,"href":"https:\/\/www.moulindemaulne.com\/fr\/wp-json\/wp\/v2\/comments?post=65"}],"version-history":[{"count":4,"href":"https:\/\/www.moulindemaulne.com\/fr\/wp-json\/wp\/v2\/pages\/65\/revisions"}],"predecessor-version":[{"id":363,"href":"https:\/\/www.moulindemaulne.com\/fr\/wp-json\/wp\/v2\/pages\/65\/revisions\/363"}],"up":[{"embeddable":true,"href":"https:\/\/www.moulindemaulne.com\/fr\/wp-json\/wp\/v2\/pages\/29"}],"wp:attachment":[{"href":"https:\/\/www.moulindemaulne.com\/fr\/wp-json\/wp\/v2\/media?parent=65"}],"curies":[{"name":"wp","href":"https:\/\/api.w.org\/{rel}","templated":true}]}}