{"id":68,"date":"2022-09-08T13:17:07","date_gmt":"2022-09-08T12:17:07","guid":{"rendered":"http:\/\/www.moulindemaulne.com\/?page_id=68"},"modified":"2022-09-24T15:03:51","modified_gmt":"2022-09-24T14:03:51","slug":"chateau-de-chenonceau","status":"publish","type":"page","link":"https:\/\/www.moulindemaulne.com\/fr\/the-chateaux-of-the-loire\/chateau-de-chenonceau\/","title":{"rendered":"Ch\u00e2teau de Chenonceau"},"content":{"rendered":"<div id='layer_slider_1'  class='avia-layerslider main_color avia-shadow  avia-builder-el-0  el_before_av_one_third  avia-builder-el-first  container_wrap sidebar_left'  style='height: 301px; max-width: 1180px; margin: 0 auto;'  ><\/div><div id='after_layer_slider_1'  class='main_color av_default_container_wrap container_wrap sidebar_left'  ><div class='container av-section-cont-open' ><div class='template-page content  av-content-small units'><div class='post-entry post-entry-type-page post-entry-68'><div class='entry-content-wrapper clearfix'>\n<div class='flex_column av-qnb8-6c4af3b5d9f8278be37ec4cd15d26e68 av_one_third  avia-builder-el-1  el_after_av_layerslider  el_before_av_two_third  avia-builder-el-first  first flex_column_div'     ><p>\n<style type=\"text\/css\" data-created_by=\"avia_inline_auto\" id=\"style-css-av-71m58-53ba53e13e0c81a07503e4adba174447\">\n#top .hr.hr-invisible.av-71m58-53ba53e13e0c81a07503e4adba174447{\nheight:5px;\n}\n<\/style>\n<div  class='hr av-71m58-53ba53e13e0c81a07503e4adba174447 hr-invisible  avia-builder-el-2  el_before_av_image  avia-builder-el-first'><span class='hr-inner'><span class=\"hr-inner-style\"><\/span><\/span><\/div><br \/>\n\n<style type=\"text\/css\" data-created_by=\"avia_inline_auto\" id=\"style-css-av-m9ac-66a42d971f7a5f59e478512040053e45\">\n.avia-image-container.av-m9ac-66a42d971f7a5f59e478512040053e45 img.avia_image{\nbox-shadow:none;\n}\n.avia-image-container.av-m9ac-66a42d971f7a5f59e478512040053e45 .av-image-caption-overlay-center{\ncolor:#ffffff;\n}\n<\/style>\n<div  class='avia-image-container av-m9ac-66a42d971f7a5f59e478512040053e45 av-styling- avia-align-center  avia-builder-el-3  el_after_av_hr  avia-builder-el-last'   itemprop=\"image\" itemscope=\"itemscope\" itemtype=\"https:\/\/schema.org\/ImageObject\" ><div class=\"avia-image-container-inner\"><div class=\"avia-image-overlay-wrap\"><img decoding=\"async\" class='wp-image-344 avia-img-lazy-loading-not-344 avia_image' src=\"https:\/\/www.moulindemaulne.com\/wp-content\/uploads\/2022\/09\/chenonceau-side.jpg\" alt='Ch\u00e2teau de Chenonceau' title='Ch\u00e2teau de Chenonceau'  height=\"500\" width=\"300\"  itemprop=\"thumbnailUrl\" srcset=\"https:\/\/www.moulindemaulne.com\/wp-content\/uploads\/2022\/09\/chenonceau-side.jpg 300w, https:\/\/www.moulindemaulne.com\/wp-content\/uploads\/2022\/09\/chenonceau-side-180x300.jpg 180w, https:\/\/www.moulindemaulne.com\/wp-content\/uploads\/2022\/09\/chenonceau-side-7x12.jpg 7w\" sizes=\"(max-width: 300px) 100vw, 300px\" \/><\/div><\/div><\/div><\/p><\/div>\n<div class='flex_column av-5y7e8-6549ebdb584f7b07c2478e8e7ca419ae av_two_third  avia-builder-el-4  el_after_av_one_third  el_before_av_hr  flex_column_div'     ><p>\n<style type=\"text\/css\" data-created_by=\"avia_inline_auto\" id=\"style-css-av-l7t0juo2-07ab369ba0d83ce8a4c7626ad9e074f0\">\n#top .av-special-heading.av-l7t0juo2-07ab369ba0d83ce8a4c7626ad9e074f0{\npadding-bottom:10px;\n}\nbody .av-special-heading.av-l7t0juo2-07ab369ba0d83ce8a4c7626ad9e074f0 .av-special-heading-tag .heading-char{\nfont-size:25px;\n}\n.av-special-heading.av-l7t0juo2-07ab369ba0d83ce8a4c7626ad9e074f0 .av-subheading{\nfont-size:15px;\n}\n<\/style>\n<div  class='av-special-heading av-l7t0juo2-07ab369ba0d83ce8a4c7626ad9e074f0 av-special-heading-h2 blockquote modern-quote  avia-builder-el-5  el_before_av_textblock  avia-builder-el-first'><h2 class='av-special-heading-tag'  itemprop=\"headline\"  >Ch\u00e2teau de Chenonceau<\/h2><div class=\"special-heading-border\"><div class=\"special-heading-inner-border\"><\/div><\/div><\/div><br \/>\n<section  class='av_textblock_section av-l7t0jm5i-aa5e057483a380dd94c9232a6695d838'  itemscope=\"itemscope\" itemtype=\"https:\/\/schema.org\/CreativeWork\" ><div class='avia_textblock'  itemprop=\"text\" ><section class=\"av_textblock_section av-66u0b-435b38ac6e82cdc290e82f7fbefcc51f\">\n<div class=\"avia_textblock\">\n<p>Le plus glamour de tous les ch\u00e2teaux de la Loire, avec ses galeries enjambant le Cher, Chenonceau appara\u00eet pour la premi\u00e8re fois dans les documents historiques vers le XIe si\u00e8cle.<\/p>\n<p class=\"translation-block\">La famille Marques, originaire d'Auvergne, \u00e9tait en possession du ch\u00e2teau jusqu'au XV\u00e8me si\u00e8cle.<br>\nPendant la guerre de Cent Ans, Jean Marques prend le parti des Bourguignons rebelles contre le roi et place une garnison anglaise dans son ch\u00e2teau. Il fut condamn\u00e9 comme tra\u00eetre et rebelle et jet\u00e9 en prison, o\u00f9 il mourut.<\/p>\n<p>Les fortifications de Chenonceau sont ras\u00e9es vers 1411. Son fils, prenant la le\u00e7on \u00e0 c\u0153ur, rend hommage au roi Charles VII en 1431, et est autoris\u00e9 \u00e0 re-fortifier son ch\u00e2teau. Pierre Marques, petit-fils de Jean Marques, h\u00e9rite du domaine et construit un moulin \u00e0 proximit\u00e9, sur une jet\u00e9e, au milieu du Cher. Malheureusement, en 1513, en raison de difficult\u00e9s financi\u00e8res, il dut le vendre \u00e0 l'un de ses cr\u00e9anciers, Thomas Bohier, g\u00e9n\u00e9ral des finances de Normandie, chambellan du roi Charles VIII de France.<\/p>\n<p>En 1535, le ch\u00e2teau fut saisi du fils a\u00een\u00e9 de Bohier, Antoine Bohier, par le roi Fran\u00e7ois Ier de France pour dettes impay\u00e9es envers la Couronne ; apr\u00e8s la mort de Fran\u00e7ois en 1547, Henri II offrit le ch\u00e2teau en cadeau \u00e0 sa ma\u00eetresse, Diane de Poitiers, qui s'attacha avec ferveur au ch\u00e2teau.<\/p>\n<p>En 1559, apr\u00e8s la mort du roi Henri II, sa veuve volontaire et r\u00e9gente Catherine de M\u00e9dicis for\u00e7a Diane \u00e0 l'\u00e9changer contre le Ch\u00e2teau Chaumont.<\/p>\n<p>Ch\u00e2teau Chenonceau est class\u00e9 monument historique depuis 1840 et c'est le ch\u00e2teau le plus visit\u00e9 de France apr\u00e8s Versailles.<\/p>\n<\/div>\n<\/section>\n<\/div><\/section><\/p><\/div>\n\n<style type=\"text\/css\" data-created_by=\"avia_inline_auto\" id=\"style-css-av-54swo-5b55ff968f412f76e97cdfb26155ffce\">\n#top .hr.av-54swo-5b55ff968f412f76e97cdfb26155ffce{\nmargin-top:30px;\nmargin-bottom:30px;\n}\n.hr.av-54swo-5b55ff968f412f76e97cdfb26155ffce .hr-inner{\nwidth:400px;\nborder-color:#647231;\nmax-width:45%;\n}\n.hr.av-54swo-5b55ff968f412f76e97cdfb26155ffce .av-seperator-icon{\ncolor:#647231;\n}\n<\/style>\n<div  class='hr av-54swo-5b55ff968f412f76e97cdfb26155ffce hr-custom  avia-builder-el-7  el_after_av_two_third  el_before_av_one_full  hr-center hr-icon-yes'><span class='hr-inner inner-border-av-border-thin'><span class=\"hr-inner-style\"><\/span><\/span><span class='av-seperator-icon' aria-hidden='true' data-av_icon='\ue828' data-av_iconfont='entypo-fontello'><\/span><span class='hr-inner inner-border-av-border-thin'><span class=\"hr-inner-style\"><\/span><\/span><\/div>\n<div class='flex_column av-4cijk-58675060a6c5f22dbe665a21b09482e0 av_one_full  avia-builder-el-8  el_after_av_hr  el_before_av_one_third  first flex_column_div'     ><section  class='av_textblock_section av-l7t0kzkq-8665759fec018140a3d855ab3156210d'  itemscope=\"itemscope\" itemtype=\"https:\/\/schema.org\/CreativeWork\" ><div class='avia_textblock'  itemprop=\"text\" ><h3>Les Jardins du Ch\u00e2teau de Chenonceau.<\/h3>\n<p class=\"translation-block\">Suivant la mode de son temps les Jardins de Chenonceau sont isol\u00e9s du ch\u00e2teau.<br>\nEn 1555, Diane de Poitiers confie \u00e0 Philibert de l'Orme la construction du pont vo\u00fbt\u00e9 reliant le ch\u00e2teau \u00e0 sa rive oppos\u00e9e. Diane a ensuite supervis\u00e9 la plantation de vastes jardins de fleurs et de l\u00e9gumes ainsi que d'une vari\u00e9t\u00e9 d'arbres fruitiers. Aujourd'hui cette partie du jardin s'appelle \"Jardin de Diane de Poitiers\".<\/p>\n<p>Sa restauration, entam\u00e9e au d\u00e9but du XXe si\u00e8cle par Henri Duchene, permet de red\u00e9couvrir la relation qu'il entretient avec le fleuve, \u00e9l\u00e9ment important et vivant du paysage.<\/p>\n<p>Apr\u00e8s la mort du roi Henri II, la reine Catherine de M\u00e9dicis fit alors de Chenonceau sa r\u00e9sidence favorite, ajoutant une nouvelle s\u00e9rie de jardins, dont la r\u00e9alisation initiale remonte \u00e0 1560, est aujourd'hui baptis\u00e9e \u00ab Jardin de Catherine de M\u00e9dicis \u00bb.<\/p>\n<p>Un dessin en perspective r\u00e9alis\u00e9 par Androuet du Cerceau montre qu'il y avait aussi des jardins sur l'autre rive du Cher, perpendiculairement \u00e0 la rivi\u00e8re et au pont, qui formaient des parterres carr\u00e9s et losanges, align\u00e9s d'arbres.<\/p>\n<p>Face au jardin de Catherine de M\u00e9dicis au nord, il y a un Jardin Vert, con\u00e7u par Lord Seymour en 1825 pour la comtesse Vallet de Villeneuve, qui souhaitait avoir un parc \u00e0 l'anglaise.<\/p>\n<\/div><\/section><\/div>\n<div class='flex_column av-3soi0-211c5ba61cb55e1e3ef104f8e6eb1b6a av_one_third  avia-builder-el-10  el_after_av_one_full  el_before_av_one_third  first flex_column_div column-top-margin'     ><style type=\"text\/css\" data-created_by=\"avia_inline_auto\" id=\"style-css-av-3dnls-57e0dcb5b2a170d81cbca64a0bc122de\">\n.avia-image-container.av-3dnls-57e0dcb5b2a170d81cbca64a0bc122de img.avia_image{\nbox-shadow:none;\n}\n.avia-image-container.av-3dnls-57e0dcb5b2a170d81cbca64a0bc122de .av-image-caption-overlay-center{\ncolor:#ffffff;\n}\n<\/style>\n<div  class='avia-image-container av-3dnls-57e0dcb5b2a170d81cbca64a0bc122de av-styling- avia-align-center  avia-builder-el-11  avia-builder-el-no-sibling'   itemprop=\"image\" itemscope=\"itemscope\" itemtype=\"https:\/\/schema.org\/ImageObject\" ><div class=\"avia-image-container-inner\"><div class=\"avia-image-overlay-wrap\"><img decoding=\"async\" class='wp-image-345 avia-img-lazy-loading-not-345 avia_image' src=\"https:\/\/www.moulindemaulne.com\/wp-content\/uploads\/2022\/09\/chenonceau-detail01.jpg\" alt='Ch\u00e2teau de Chenonceau' title='Ch\u00e2teau de Chenonceau'  height=\"300\" width=\"400\"  itemprop=\"thumbnailUrl\" srcset=\"https:\/\/www.moulindemaulne.com\/wp-content\/uploads\/2022\/09\/chenonceau-detail01.jpg 400w, https:\/\/www.moulindemaulne.com\/wp-content\/uploads\/2022\/09\/chenonceau-detail01-300x225.jpg 300w, https:\/\/www.moulindemaulne.com\/wp-content\/uploads\/2022\/09\/chenonceau-detail01-16x12.jpg 16w\" sizes=\"(max-width: 400px) 100vw, 400px\" \/><\/div><\/div><\/div><\/div>\n<div class='flex_column av-2gk3c-9f7bd8c1d619a4075dcf1cd61c7a23e5 av_one_third  avia-builder-el-12  el_after_av_one_third  el_before_av_one_third  flex_column_div column-top-margin'     ><style type=\"text\/css\" data-created_by=\"avia_inline_auto\" id=\"style-css-av-1ymkg-6036937bd3710198d26bf326a072c539\">\n.avia-image-container.av-1ymkg-6036937bd3710198d26bf326a072c539 img.avia_image{\nbox-shadow:none;\n}\n.avia-image-container.av-1ymkg-6036937bd3710198d26bf326a072c539 .av-image-caption-overlay-center{\ncolor:#ffffff;\n}\n<\/style>\n<div  class='avia-image-container av-1ymkg-6036937bd3710198d26bf326a072c539 av-styling- avia-align-center  avia-builder-el-13  avia-builder-el-no-sibling'   itemprop=\"image\" itemscope=\"itemscope\" itemtype=\"https:\/\/schema.org\/ImageObject\" ><div class=\"avia-image-container-inner\"><div class=\"avia-image-overlay-wrap\"><img decoding=\"async\" class='wp-image-346 avia-img-lazy-loading-not-346 avia_image' src=\"https:\/\/www.moulindemaulne.com\/wp-content\/uploads\/2022\/09\/chenonceau-detail02.jpg\" alt='Ch\u00e2teau de Chenonceau' title='Ch\u00e2teau de Chenonceau'  height=\"300\" width=\"400\"  itemprop=\"thumbnailUrl\" srcset=\"https:\/\/www.moulindemaulne.com\/wp-content\/uploads\/2022\/09\/chenonceau-detail02.jpg 400w, https:\/\/www.moulindemaulne.com\/wp-content\/uploads\/2022\/09\/chenonceau-detail02-300x225.jpg 300w, https:\/\/www.moulindemaulne.com\/wp-content\/uploads\/2022\/09\/chenonceau-detail02-16x12.jpg 16w\" sizes=\"(max-width: 400px) 100vw, 400px\" \/><\/div><\/div><\/div><\/div>\n<div class='flex_column av-1maqo-7f6323c47eb07765b17792b892b4784d av_one_third  avia-builder-el-14  el_after_av_one_third  avia-builder-el-last  flex_column_div column-top-margin'     ><style type=\"text\/css\" data-created_by=\"avia_inline_auto\" id=\"style-css-av-11wv8-2b3201b8abbfd5e8d98cdddc39173c95\">\n.avia-image-container.av-11wv8-2b3201b8abbfd5e8d98cdddc39173c95 img.avia_image{\nbox-shadow:none;\n}\n.avia-image-container.av-11wv8-2b3201b8abbfd5e8d98cdddc39173c95 .av-image-caption-overlay-center{\ncolor:#ffffff;\n}\n<\/style>\n<div  class='avia-image-container av-11wv8-2b3201b8abbfd5e8d98cdddc39173c95 av-styling- avia-align-center  avia-builder-el-15  avia-builder-el-no-sibling'   itemprop=\"image\" itemscope=\"itemscope\" itemtype=\"https:\/\/schema.org\/ImageObject\" ><div class=\"avia-image-container-inner\"><div class=\"avia-image-overlay-wrap\"><img decoding=\"async\" class='wp-image-347 avia-img-lazy-loading-not-347 avia_image' src=\"https:\/\/www.moulindemaulne.com\/wp-content\/uploads\/2022\/09\/chenonceau-detail03.jpg\" alt='Ch\u00e2teau de Chenonceau' title='Ch\u00e2teau de Chenonceau'  height=\"300\" width=\"400\"  itemprop=\"thumbnailUrl\" srcset=\"https:\/\/www.moulindemaulne.com\/wp-content\/uploads\/2022\/09\/chenonceau-detail03.jpg 400w, https:\/\/www.moulindemaulne.com\/wp-content\/uploads\/2022\/09\/chenonceau-detail03-300x225.jpg 300w, https:\/\/www.moulindemaulne.com\/wp-content\/uploads\/2022\/09\/chenonceau-detail03-16x12.jpg 16w\" sizes=\"(max-width: 400px) 100vw, 400px\" \/><\/div><\/div><\/div><\/div>","protected":false},"excerpt":{"rendered":"","protected":false},"author":1,"featured_media":0,"parent":29,"menu_order":7,"comment_status":"closed","ping_status":"closed","template":"","meta":{"footnotes":""},"class_list":["post-68","page","type-page","status-publish","hentry"],"_links":{"self":[{"href":"https:\/\/www.moulindemaulne.com\/fr\/wp-json\/wp\/v2\/pages\/68","targetHints":{"allow":["GET"]}}],"collection":[{"href":"https:\/\/www.moulindemaulne.com\/fr\/wp-json\/wp\/v2\/pages"}],"about":[{"href":"https:\/\/www.moulindemaulne.com\/fr\/wp-json\/wp\/v2\/types\/page"}],"author":[{"embeddable":true,"href":"https:\/\/www.moulindemaulne.com\/fr\/wp-json\/wp\/v2\/users\/1"}],"replies":[{"embeddable":true,"href":"https:\/\/www.moulindemaulne.com\/fr\/wp-json\/wp\/v2\/comments?post=68"}],"version-history":[{"count":5,"href":"https:\/\/www.moulindemaulne.com\/fr\/wp-json\/wp\/v2\/pages\/68\/revisions"}],"predecessor-version":[{"id":366,"href":"https:\/\/www.moulindemaulne.com\/fr\/wp-json\/wp\/v2\/pages\/68\/revisions\/366"}],"up":[{"embeddable":true,"href":"https:\/\/www.moulindemaulne.com\/fr\/wp-json\/wp\/v2\/pages\/29"}],"wp:attachment":[{"href":"https:\/\/www.moulindemaulne.com\/fr\/wp-json\/wp\/v2\/media?parent=68"}],"curies":[{"name":"wp","href":"https:\/\/api.w.org\/{rel}","templated":true}]}}